{"id":7151,"date":"2025-11-13T13:54:02","date_gmt":"2025-11-13T11:54:02","guid":{"rendered":"https:\/\/www.max-lahr.lu\/?post_type=product&#038;p=7151"},"modified":"2025-11-13T14:15:47","modified_gmt":"2025-11-13T12:15:47","slug":"pinot-gris-vogelsang-2024","status":"publish","type":"product","link":"https:\/\/www.max-lahr.lu\/fr\/weinshop\/pinot-gris-vogelsang-2024\/","title":{"rendered":"Pinot Gris Vogelsang 2024"},"content":{"rendered":"<p>Vin tr\u00e8s fruit\u00e9 et aromatique avec un go\u00fbt frais et des ar\u00f4mes exotiques en fin de bouche. Agr\u00e9ablement cr\u00e9meux et une pointe d&rsquo;acidit\u00e9 en boucheIl accompagne de nombreux plats, notamment le veau. Il se marie harmonieusement \u00e0 la cuisine asiatique.<\/p>\n<p>&nbsp;<\/p>\n<p><strong>Menu recommand\u00e9<\/strong>: Foie gras, m\u00e9daillon de veau, pintade \u00e0 la truffe, pommes de terre fondantes, tranches de magret de canard aux choux.<\/p>\n","protected":false},"excerpt":{"rendered":"<p>Mill\u00e9sime 2024<br \/>\nVin tr\u00e8s fruit\u00e9 et aromatique avec un go\u00fbt frais et des ar\u00f4mes exotiques en fin de bouche.<br \/>\n<em>grand premier cru<\/em><\/p>\n","protected":false},"featured_media":6147,"comment_status":"closed","ping_status":"closed","template":"","meta":[],"product_brand":[],"product_cat":[495,360,172],"product_tag":[],"class_list":{"0":"post-7151","1":"product","2":"type-product","3":"status-publish","4":"has-post-thumbnail","6":"product_cat-2024-millesime","7":"product_cat-millesime","8":"product_cat-les-vins","9":"product_shipping_class-bouteilles","10":"pa_abfueller-embouteilleur-domaine-viticole-max-lahr-et-fils-fr-2","11":"pa_alkoholgehalt-taux-dalcool-12-vol","12":"pa_ausbau-elevage-sec","13":"pa_inhalt-contenu-l-075-litre-fr","14":"pa_jahrgang-millesime-2024-fr","15":"pa_lage-situation-vogelsang-fr","16":"pa_sulfite-enthaelt-sulfite-fr","17":"description-off","19":"first","20":"instock","21":"featured","22":"taxable","23":"shipping-taxable","24":"purchasable","25":"product-type-simple"},"yoast_head":"<!-- This site is optimized with the Yoast SEO plugin v27.4 - https:\/\/yoast.com\/product\/yoast-seo-wordpress\/ -->\n<title>Pinot Gris Vogelsang 2024 - acheter maintenant | Max-Lahr et Fils<\/title>\n<meta name=\"description\" content=\"Pinot Gris Vogelsang 2024 - acheter maintenant rapidement et facilement. D\u00e9couvrez nos produits authentiques de la Moselle luxembourgeoise.\" \/>\n<meta name=\"robots\" content=\"index, follow, max-snippet:-1, max-image-preview:large, max-video-preview:-1\" \/>\n<link rel=\"canonical\" href=\"https:\/\/www.max-lahr.lu\/fr\/weinshop\/pinot-gris-vogelsang-2024\/\" \/>\n<meta property=\"og:locale\" content=\"fr_FR\" \/>\n<meta property=\"og:type\" content=\"article\" \/>\n<meta property=\"og:title\" content=\"Pinot Gris Vogelsang 2024 - acheter maintenant | Max-Lahr et Fils\" \/>\n<meta property=\"og:description\" content=\"Pinot Gris Vogelsang 2024 - acheter maintenant rapidement et facilement. D\u00e9couvrez nos produits authentiques de la Moselle luxembourgeoise.\" \/>\n<meta property=\"og:url\" content=\"https:\/\/www.max-lahr.lu\/fr\/weinshop\/pinot-gris-vogelsang-2024\/\" \/>\n<meta property=\"og:site_name\" content=\"Max-Lahr et Fils\" \/>\n<meta property=\"article:modified_time\" content=\"2025-11-13T12:15:47+00:00\" \/>\n<meta property=\"og:image\" content=\"https:\/\/www.max-lahr.lu\/wp-content\/uploads\/2023\/12\/pg-vogelsang-2022.jpg\" \/>\n\t<meta property=\"og:image:width\" content=\"1080\" \/>\n\t<meta property=\"og:image:height\" content=\"1616\" \/>\n\t<meta property=\"og:image:type\" content=\"image\/jpeg\" \/>\n<script type=\"application\/ld+json\" class=\"yoast-schema-graph\">{\"@context\":\"https:\\\/\\\/schema.org\",\"@graph\":[{\"@type\":\"WebPage\",\"@id\":\"https:\\\/\\\/www.max-lahr.lu\\\/fr\\\/weinshop\\\/pinot-gris-vogelsang-2024\\\/\",\"url\":\"https:\\\/\\\/www.max-lahr.lu\\\/fr\\\/weinshop\\\/pinot-gris-vogelsang-2024\\\/\",\"name\":\"Pinot Gris Vogelsang 2024 - acheter maintenant | Max-Lahr et Fils\",\"isPartOf\":{\"@id\":\"https:\\\/\\\/www.max-lahr.lu\\\/#website\"},\"primaryImageOfPage\":{\"@id\":\"https:\\\/\\\/www.max-lahr.lu\\\/fr\\\/weinshop\\\/pinot-gris-vogelsang-2024\\\/#primaryimage\"},\"image\":{\"@id\":\"https:\\\/\\\/www.max-lahr.lu\\\/fr\\\/weinshop\\\/pinot-gris-vogelsang-2024\\\/#primaryimage\"},\"thumbnailUrl\":\"https:\\\/\\\/www.max-lahr.lu\\\/wp-content\\\/uploads\\\/2023\\\/12\\\/pg-vogelsang-2022.jpg\",\"datePublished\":\"2025-11-13T11:54:02+00:00\",\"dateModified\":\"2025-11-13T12:15:47+00:00\",\"description\":\"Pinot Gris Vogelsang 2024 - acheter maintenant rapidement et facilement. D\u00e9couvrez nos produits authentiques de la Moselle luxembourgeoise.\",\"breadcrumb\":{\"@id\":\"https:\\\/\\\/www.max-lahr.lu\\\/fr\\\/weinshop\\\/pinot-gris-vogelsang-2024\\\/#breadcrumb\"},\"inLanguage\":\"fr-FR\",\"potentialAction\":[{\"@type\":\"ReadAction\",\"target\":[\"https:\\\/\\\/www.max-lahr.lu\\\/fr\\\/weinshop\\\/pinot-gris-vogelsang-2024\\\/\"]}]},{\"@type\":\"ImageObject\",\"inLanguage\":\"fr-FR\",\"@id\":\"https:\\\/\\\/www.max-lahr.lu\\\/fr\\\/weinshop\\\/pinot-gris-vogelsang-2024\\\/#primaryimage\",\"url\":\"https:\\\/\\\/www.max-lahr.lu\\\/wp-content\\\/uploads\\\/2023\\\/12\\\/pg-vogelsang-2022.jpg\",\"contentUrl\":\"https:\\\/\\\/www.max-lahr.lu\\\/wp-content\\\/uploads\\\/2023\\\/12\\\/pg-vogelsang-2022.jpg\",\"width\":1080,\"height\":1616},{\"@type\":\"BreadcrumbList\",\"@id\":\"https:\\\/\\\/www.max-lahr.lu\\\/fr\\\/weinshop\\\/pinot-gris-vogelsang-2024\\\/#breadcrumb\",\"itemListElement\":[{\"@type\":\"ListItem\",\"position\":1,\"name\":\"Home\",\"item\":\"https:\\\/\\\/www.max-lahr.lu\\\/\"},{\"@type\":\"ListItem\",\"position\":2,\"name\":\"Produkte\",\"item\":\"https:\\\/\\\/www.max-lahr.lu\\\/shop\\\/\"},{\"@type\":\"ListItem\",\"position\":3,\"name\":\"Pinot Gris Vogelsang 2024\"}]},{\"@type\":\"WebSite\",\"@id\":\"https:\\\/\\\/www.max-lahr.lu\\\/#website\",\"url\":\"https:\\\/\\\/www.max-lahr.lu\\\/\",\"name\":\"Max-Lahr et Fils\",\"description\":\"Weingut und Brennerei\",\"publisher\":{\"@id\":\"https:\\\/\\\/www.max-lahr.lu\\\/#organization\"},\"potentialAction\":[{\"@type\":\"SearchAction\",\"target\":{\"@type\":\"EntryPoint\",\"urlTemplate\":\"https:\\\/\\\/www.max-lahr.lu\\\/?s={search_term_string}\"},\"query-input\":{\"@type\":\"PropertyValueSpecification\",\"valueRequired\":true,\"valueName\":\"search_term_string\"}}],\"inLanguage\":\"fr-FR\"},{\"@type\":\"Organization\",\"@id\":\"https:\\\/\\\/www.max-lahr.lu\\\/#organization\",\"name\":\"Domaine Viticole Max-Lahr et fils\",\"url\":\"https:\\\/\\\/www.max-lahr.lu\\\/\",\"logo\":{\"@type\":\"ImageObject\",\"inLanguage\":\"fr-FR\",\"@id\":\"https:\\\/\\\/www.max-lahr.lu\\\/#\\\/schema\\\/logo\\\/image\\\/\",\"url\":\"\",\"contentUrl\":\"\",\"caption\":\"Domaine Viticole Max-Lahr et fils\"},\"image\":{\"@id\":\"https:\\\/\\\/www.max-lahr.lu\\\/#\\\/schema\\\/logo\\\/image\\\/\"}}]}<\/script>\n<!-- \/ Yoast SEO plugin. -->","yoast_head_json":{"title":"Pinot Gris Vogelsang 2024 - acheter maintenant | Max-Lahr et Fils","description":"Pinot Gris Vogelsang 2024 - acheter maintenant rapidement et facilement. D\u00e9couvrez nos produits authentiques de la Moselle luxembourgeoise.","robots":{"index":"index","follow":"follow","max-snippet":"max-snippet:-1","max-image-preview":"max-image-preview:large","max-video-preview":"max-video-preview:-1"},"canonical":"https:\/\/www.max-lahr.lu\/fr\/weinshop\/pinot-gris-vogelsang-2024\/","og_locale":"fr_FR","og_type":"article","og_title":"Pinot Gris Vogelsang 2024 - acheter maintenant | Max-Lahr et Fils","og_description":"Pinot Gris Vogelsang 2024 - acheter maintenant rapidement et facilement. D\u00e9couvrez nos produits authentiques de la Moselle luxembourgeoise.","og_url":"https:\/\/www.max-lahr.lu\/fr\/weinshop\/pinot-gris-vogelsang-2024\/","og_site_name":"Max-Lahr et Fils","article_modified_time":"2025-11-13T12:15:47+00:00","og_image":[{"width":1080,"height":1616,"url":"https:\/\/www.max-lahr.lu\/wp-content\/uploads\/2023\/12\/pg-vogelsang-2022.jpg","type":"image\/jpeg"}],"schema":{"@context":"https:\/\/schema.org","@graph":[{"@type":"WebPage","@id":"https:\/\/www.max-lahr.lu\/fr\/weinshop\/pinot-gris-vogelsang-2024\/","url":"https:\/\/www.max-lahr.lu\/fr\/weinshop\/pinot-gris-vogelsang-2024\/","name":"Pinot Gris Vogelsang 2024 - acheter maintenant | Max-Lahr et Fils","isPartOf":{"@id":"https:\/\/www.max-lahr.lu\/#website"},"primaryImageOfPage":{"@id":"https:\/\/www.max-lahr.lu\/fr\/weinshop\/pinot-gris-vogelsang-2024\/#primaryimage"},"image":{"@id":"https:\/\/www.max-lahr.lu\/fr\/weinshop\/pinot-gris-vogelsang-2024\/#primaryimage"},"thumbnailUrl":"https:\/\/www.max-lahr.lu\/wp-content\/uploads\/2023\/12\/pg-vogelsang-2022.jpg","datePublished":"2025-11-13T11:54:02+00:00","dateModified":"2025-11-13T12:15:47+00:00","description":"Pinot Gris Vogelsang 2024 - acheter maintenant rapidement et facilement. D\u00e9couvrez nos produits authentiques de la Moselle luxembourgeoise.","breadcrumb":{"@id":"https:\/\/www.max-lahr.lu\/fr\/weinshop\/pinot-gris-vogelsang-2024\/#breadcrumb"},"inLanguage":"fr-FR","potentialAction":[{"@type":"ReadAction","target":["https:\/\/www.max-lahr.lu\/fr\/weinshop\/pinot-gris-vogelsang-2024\/"]}]},{"@type":"ImageObject","inLanguage":"fr-FR","@id":"https:\/\/www.max-lahr.lu\/fr\/weinshop\/pinot-gris-vogelsang-2024\/#primaryimage","url":"https:\/\/www.max-lahr.lu\/wp-content\/uploads\/2023\/12\/pg-vogelsang-2022.jpg","contentUrl":"https:\/\/www.max-lahr.lu\/wp-content\/uploads\/2023\/12\/pg-vogelsang-2022.jpg","width":1080,"height":1616},{"@type":"BreadcrumbList","@id":"https:\/\/www.max-lahr.lu\/fr\/weinshop\/pinot-gris-vogelsang-2024\/#breadcrumb","itemListElement":[{"@type":"ListItem","position":1,"name":"Home","item":"https:\/\/www.max-lahr.lu\/"},{"@type":"ListItem","position":2,"name":"Produkte","item":"https:\/\/www.max-lahr.lu\/shop\/"},{"@type":"ListItem","position":3,"name":"Pinot Gris Vogelsang 2024"}]},{"@type":"WebSite","@id":"https:\/\/www.max-lahr.lu\/#website","url":"https:\/\/www.max-lahr.lu\/","name":"Max-Lahr et Fils","description":"Weingut und Brennerei","publisher":{"@id":"https:\/\/www.max-lahr.lu\/#organization"},"potentialAction":[{"@type":"SearchAction","target":{"@type":"EntryPoint","urlTemplate":"https:\/\/www.max-lahr.lu\/?s={search_term_string}"},"query-input":{"@type":"PropertyValueSpecification","valueRequired":true,"valueName":"search_term_string"}}],"inLanguage":"fr-FR"},{"@type":"Organization","@id":"https:\/\/www.max-lahr.lu\/#organization","name":"Domaine Viticole Max-Lahr et fils","url":"https:\/\/www.max-lahr.lu\/","logo":{"@type":"ImageObject","inLanguage":"fr-FR","@id":"https:\/\/www.max-lahr.lu\/#\/schema\/logo\/image\/","url":"","contentUrl":"","caption":"Domaine Viticole Max-Lahr et fils"},"image":{"@id":"https:\/\/www.max-lahr.lu\/#\/schema\/logo\/image\/"}}]}},"_links":{"self":[{"href":"https:\/\/www.max-lahr.lu\/fr\/wp-json\/wp\/v2\/product\/7151","targetHints":{"allow":["GET"]}}],"collection":[{"href":"https:\/\/www.max-lahr.lu\/fr\/wp-json\/wp\/v2\/product"}],"about":[{"href":"https:\/\/www.max-lahr.lu\/fr\/wp-json\/wp\/v2\/types\/product"}],"replies":[{"embeddable":true,"href":"https:\/\/www.max-lahr.lu\/fr\/wp-json\/wp\/v2\/comments?post=7151"}],"wp:featuredmedia":[{"embeddable":true,"href":"https:\/\/www.max-lahr.lu\/fr\/wp-json\/wp\/v2\/media\/6147"}],"wp:attachment":[{"href":"https:\/\/www.max-lahr.lu\/fr\/wp-json\/wp\/v2\/media?parent=7151"}],"wp:term":[{"taxonomy":"product_brand","embeddable":true,"href":"https:\/\/www.max-lahr.lu\/fr\/wp-json\/wp\/v2\/product_brand?post=7151"},{"taxonomy":"product_cat","embeddable":true,"href":"https:\/\/www.max-lahr.lu\/fr\/wp-json\/wp\/v2\/product_cat?post=7151"},{"taxonomy":"product_tag","embeddable":true,"href":"https:\/\/www.max-lahr.lu\/fr\/wp-json\/wp\/v2\/product_tag?post=7151"}],"curies":[{"name":"wp","href":"https:\/\/api.w.org\/{rel}","templated":true}]}}