{"id":6416,"date":"2024-10-11T08:59:33","date_gmt":"2024-10-11T08:59:34","guid":{"rendered":"https:\/\/www.max-lahr.lu\/?post_type=product&#038;p=6416"},"modified":"2024-10-11T09:49:50","modified_gmt":"2024-10-11T09:49:50","slug":"auxerrois-2023","status":"publish","type":"product","link":"https:\/\/www.max-lahr.lu\/fr\/weinshop\/auxerrois-2023\/","title":{"rendered":"Auxerrois 2023"},"content":{"rendered":"<p>Sp\u00e9cialit\u00e9 r\u00e9gionale, l\u2019Auxerrois est un vin aux ar\u00f4mes matures, faible en acidit\u00e9, au bouquet souvent prononc\u00e9. Facile d\u2019approche au nez et en bouche, c\u2019est le vin id\u00e9al des d\u00e9butants. Avec son caract\u00e8re calme, il s&rsquo;harmonise parfaitement avec les plats froids, les snacks et les viandes blanches. Il peut se boire \u00e0 toute heure de la journ\u00e9e, tr\u00e8s appr\u00e9ci\u00e9 pour les r\u00e9ceptions. L&rsquo;Auxerrois est de bonne garde et son go\u00fbt s&rsquo;\u00e9panouit encore avec l&rsquo;\u00e2ge.<\/p>\n<p><strong>Menu recommand\u00e9<\/strong> : Salade de foie de volaille, po\u00eal\u00e9e de champignons, plats l\u00e9gers en g\u00e9n\u00e9ral.<\/p>\n","protected":false},"excerpt":{"rendered":"<p>Mill\u00e9sime 2023<br \/>\nVin aux ar\u00f4mes matures, faible en acidit\u00e9, au bouquet souvent prononc\u00e9<br \/>\n<em>grand premier cru<\/em><\/p>\n","protected":false},"featured_media":6105,"comment_status":"closed","ping_status":"closed","template":"","meta":[],"product_brand":[],"product_cat":[360,172],"product_tag":[],"class_list":{"0":"post-6416","1":"product","2":"type-product","3":"status-publish","4":"has-post-thumbnail","6":"product_cat-millesime","7":"product_cat-les-vins","8":"product_shipping_class-bouteilles","9":"pa_abfueller-embouteilleur-domaine-viticole-max-lahr-et-fils-fr-2","10":"pa_alkoholgehalt-taux-dalcool-12-vol","11":"pa_ausbau-elevage-sec","12":"pa_inhalt-contenu-l-075-litre-fr","13":"pa_lage-situation-vogelsang-fr","14":"pa_restsuesse-sucre-residuel-7-g-l-fr","15":"pa_sulfite-enthaelt-sulfite-fr","16":"description-off","18":"first","19":"instock","20":"taxable","21":"shipping-taxable","22":"purchasable","23":"product-type-simple"},"yoast_head":"<!-- This site is optimized with the Yoast SEO plugin v27.4 - https:\/\/yoast.com\/product\/yoast-seo-wordpress\/ -->\n<title>Auxerrois 2023 - acheter maintenant | Max-Lahr et Fils<\/title>\n<meta name=\"description\" content=\"Auxerrois 2023 - acheter maintenant rapidement et facilement. D\u00e9couvrez nos produits authentiques de la Moselle luxembourgeoise.\" \/>\n<meta name=\"robots\" content=\"index, follow, max-snippet:-1, max-image-preview:large, max-video-preview:-1\" \/>\n<link rel=\"canonical\" href=\"https:\/\/www.max-lahr.lu\/fr\/weinshop\/auxerrois-2023\/\" \/>\n<meta property=\"og:locale\" content=\"fr_FR\" \/>\n<meta property=\"og:type\" content=\"article\" \/>\n<meta property=\"og:title\" content=\"Auxerrois 2023 - acheter maintenant | Max-Lahr et Fils\" \/>\n<meta property=\"og:description\" content=\"Auxerrois 2023 - acheter maintenant rapidement et facilement. D\u00e9couvrez nos produits authentiques de la Moselle luxembourgeoise.\" \/>\n<meta property=\"og:url\" content=\"https:\/\/www.max-lahr.lu\/fr\/weinshop\/auxerrois-2023\/\" \/>\n<meta property=\"og:site_name\" content=\"Max-Lahr et Fils\" \/>\n<meta property=\"article:modified_time\" content=\"2024-10-11T09:49:50+00:00\" \/>\n<meta property=\"og:image\" content=\"https:\/\/www.max-lahr.lu\/wp-content\/uploads\/2023\/12\/IMG-20231221-WA0002.jpg\" \/>\n\t<meta property=\"og:image:width\" content=\"1069\" \/>\n\t<meta property=\"og:image:height\" content=\"1600\" \/>\n\t<meta property=\"og:image:type\" content=\"image\/jpeg\" \/>\n<script type=\"application\/ld+json\" class=\"yoast-schema-graph\">{\"@context\":\"https:\\\/\\\/schema.org\",\"@graph\":[{\"@type\":\"WebPage\",\"@id\":\"https:\\\/\\\/www.max-lahr.lu\\\/fr\\\/weinshop\\\/auxerrois-2023\\\/\",\"url\":\"https:\\\/\\\/www.max-lahr.lu\\\/fr\\\/weinshop\\\/auxerrois-2023\\\/\",\"name\":\"Auxerrois 2023 - acheter maintenant | Max-Lahr et Fils\",\"isPartOf\":{\"@id\":\"https:\\\/\\\/www.max-lahr.lu\\\/#website\"},\"primaryImageOfPage\":{\"@id\":\"https:\\\/\\\/www.max-lahr.lu\\\/fr\\\/weinshop\\\/auxerrois-2023\\\/#primaryimage\"},\"image\":{\"@id\":\"https:\\\/\\\/www.max-lahr.lu\\\/fr\\\/weinshop\\\/auxerrois-2023\\\/#primaryimage\"},\"thumbnailUrl\":\"https:\\\/\\\/www.max-lahr.lu\\\/wp-content\\\/uploads\\\/2023\\\/12\\\/IMG-20231221-WA0002.jpg\",\"datePublished\":\"2024-10-11T08:59:34+00:00\",\"dateModified\":\"2024-10-11T09:49:50+00:00\",\"description\":\"Auxerrois 2023 - acheter maintenant rapidement et facilement. D\u00e9couvrez nos produits authentiques de la Moselle luxembourgeoise.\",\"breadcrumb\":{\"@id\":\"https:\\\/\\\/www.max-lahr.lu\\\/fr\\\/weinshop\\\/auxerrois-2023\\\/#breadcrumb\"},\"inLanguage\":\"fr-FR\",\"potentialAction\":[{\"@type\":\"ReadAction\",\"target\":[\"https:\\\/\\\/www.max-lahr.lu\\\/fr\\\/weinshop\\\/auxerrois-2023\\\/\"]}]},{\"@type\":\"ImageObject\",\"inLanguage\":\"fr-FR\",\"@id\":\"https:\\\/\\\/www.max-lahr.lu\\\/fr\\\/weinshop\\\/auxerrois-2023\\\/#primaryimage\",\"url\":\"https:\\\/\\\/www.max-lahr.lu\\\/wp-content\\\/uploads\\\/2023\\\/12\\\/IMG-20231221-WA0002.jpg\",\"contentUrl\":\"https:\\\/\\\/www.max-lahr.lu\\\/wp-content\\\/uploads\\\/2023\\\/12\\\/IMG-20231221-WA0002.jpg\",\"width\":1069,\"height\":1600},{\"@type\":\"BreadcrumbList\",\"@id\":\"https:\\\/\\\/www.max-lahr.lu\\\/fr\\\/weinshop\\\/auxerrois-2023\\\/#breadcrumb\",\"itemListElement\":[{\"@type\":\"ListItem\",\"position\":1,\"name\":\"Home\",\"item\":\"https:\\\/\\\/www.max-lahr.lu\\\/\"},{\"@type\":\"ListItem\",\"position\":2,\"name\":\"Produkte\",\"item\":\"https:\\\/\\\/www.max-lahr.lu\\\/shop\\\/\"},{\"@type\":\"ListItem\",\"position\":3,\"name\":\"Auxerrois 2023\"}]},{\"@type\":\"WebSite\",\"@id\":\"https:\\\/\\\/www.max-lahr.lu\\\/#website\",\"url\":\"https:\\\/\\\/www.max-lahr.lu\\\/\",\"name\":\"Max-Lahr et Fils\",\"description\":\"Weingut und Brennerei\",\"publisher\":{\"@id\":\"https:\\\/\\\/www.max-lahr.lu\\\/#organization\"},\"potentialAction\":[{\"@type\":\"SearchAction\",\"target\":{\"@type\":\"EntryPoint\",\"urlTemplate\":\"https:\\\/\\\/www.max-lahr.lu\\\/?s={search_term_string}\"},\"query-input\":{\"@type\":\"PropertyValueSpecification\",\"valueRequired\":true,\"valueName\":\"search_term_string\"}}],\"inLanguage\":\"fr-FR\"},{\"@type\":\"Organization\",\"@id\":\"https:\\\/\\\/www.max-lahr.lu\\\/#organization\",\"name\":\"Domaine Viticole Max-Lahr et fils\",\"url\":\"https:\\\/\\\/www.max-lahr.lu\\\/\",\"logo\":{\"@type\":\"ImageObject\",\"inLanguage\":\"fr-FR\",\"@id\":\"https:\\\/\\\/www.max-lahr.lu\\\/#\\\/schema\\\/logo\\\/image\\\/\",\"url\":\"\",\"contentUrl\":\"\",\"caption\":\"Domaine Viticole Max-Lahr et fils\"},\"image\":{\"@id\":\"https:\\\/\\\/www.max-lahr.lu\\\/#\\\/schema\\\/logo\\\/image\\\/\"}}]}<\/script>\n<!-- \/ Yoast SEO plugin. -->","yoast_head_json":{"title":"Auxerrois 2023 - acheter maintenant | Max-Lahr et Fils","description":"Auxerrois 2023 - acheter maintenant rapidement et facilement. D\u00e9couvrez nos produits authentiques de la Moselle luxembourgeoise.","robots":{"index":"index","follow":"follow","max-snippet":"max-snippet:-1","max-image-preview":"max-image-preview:large","max-video-preview":"max-video-preview:-1"},"canonical":"https:\/\/www.max-lahr.lu\/fr\/weinshop\/auxerrois-2023\/","og_locale":"fr_FR","og_type":"article","og_title":"Auxerrois 2023 - acheter maintenant | Max-Lahr et Fils","og_description":"Auxerrois 2023 - acheter maintenant rapidement et facilement. D\u00e9couvrez nos produits authentiques de la Moselle luxembourgeoise.","og_url":"https:\/\/www.max-lahr.lu\/fr\/weinshop\/auxerrois-2023\/","og_site_name":"Max-Lahr et Fils","article_modified_time":"2024-10-11T09:49:50+00:00","og_image":[{"width":1069,"height":1600,"url":"https:\/\/www.max-lahr.lu\/wp-content\/uploads\/2023\/12\/IMG-20231221-WA0002.jpg","type":"image\/jpeg"}],"schema":{"@context":"https:\/\/schema.org","@graph":[{"@type":"WebPage","@id":"https:\/\/www.max-lahr.lu\/fr\/weinshop\/auxerrois-2023\/","url":"https:\/\/www.max-lahr.lu\/fr\/weinshop\/auxerrois-2023\/","name":"Auxerrois 2023 - acheter maintenant | Max-Lahr et Fils","isPartOf":{"@id":"https:\/\/www.max-lahr.lu\/#website"},"primaryImageOfPage":{"@id":"https:\/\/www.max-lahr.lu\/fr\/weinshop\/auxerrois-2023\/#primaryimage"},"image":{"@id":"https:\/\/www.max-lahr.lu\/fr\/weinshop\/auxerrois-2023\/#primaryimage"},"thumbnailUrl":"https:\/\/www.max-lahr.lu\/wp-content\/uploads\/2023\/12\/IMG-20231221-WA0002.jpg","datePublished":"2024-10-11T08:59:34+00:00","dateModified":"2024-10-11T09:49:50+00:00","description":"Auxerrois 2023 - acheter maintenant rapidement et facilement. D\u00e9couvrez nos produits authentiques de la Moselle luxembourgeoise.","breadcrumb":{"@id":"https:\/\/www.max-lahr.lu\/fr\/weinshop\/auxerrois-2023\/#breadcrumb"},"inLanguage":"fr-FR","potentialAction":[{"@type":"ReadAction","target":["https:\/\/www.max-lahr.lu\/fr\/weinshop\/auxerrois-2023\/"]}]},{"@type":"ImageObject","inLanguage":"fr-FR","@id":"https:\/\/www.max-lahr.lu\/fr\/weinshop\/auxerrois-2023\/#primaryimage","url":"https:\/\/www.max-lahr.lu\/wp-content\/uploads\/2023\/12\/IMG-20231221-WA0002.jpg","contentUrl":"https:\/\/www.max-lahr.lu\/wp-content\/uploads\/2023\/12\/IMG-20231221-WA0002.jpg","width":1069,"height":1600},{"@type":"BreadcrumbList","@id":"https:\/\/www.max-lahr.lu\/fr\/weinshop\/auxerrois-2023\/#breadcrumb","itemListElement":[{"@type":"ListItem","position":1,"name":"Home","item":"https:\/\/www.max-lahr.lu\/"},{"@type":"ListItem","position":2,"name":"Produkte","item":"https:\/\/www.max-lahr.lu\/shop\/"},{"@type":"ListItem","position":3,"name":"Auxerrois 2023"}]},{"@type":"WebSite","@id":"https:\/\/www.max-lahr.lu\/#website","url":"https:\/\/www.max-lahr.lu\/","name":"Max-Lahr et Fils","description":"Weingut und Brennerei","publisher":{"@id":"https:\/\/www.max-lahr.lu\/#organization"},"potentialAction":[{"@type":"SearchAction","target":{"@type":"EntryPoint","urlTemplate":"https:\/\/www.max-lahr.lu\/?s={search_term_string}"},"query-input":{"@type":"PropertyValueSpecification","valueRequired":true,"valueName":"search_term_string"}}],"inLanguage":"fr-FR"},{"@type":"Organization","@id":"https:\/\/www.max-lahr.lu\/#organization","name":"Domaine Viticole Max-Lahr et fils","url":"https:\/\/www.max-lahr.lu\/","logo":{"@type":"ImageObject","inLanguage":"fr-FR","@id":"https:\/\/www.max-lahr.lu\/#\/schema\/logo\/image\/","url":"","contentUrl":"","caption":"Domaine Viticole Max-Lahr et fils"},"image":{"@id":"https:\/\/www.max-lahr.lu\/#\/schema\/logo\/image\/"}}]}},"_links":{"self":[{"href":"https:\/\/www.max-lahr.lu\/fr\/wp-json\/wp\/v2\/product\/6416","targetHints":{"allow":["GET"]}}],"collection":[{"href":"https:\/\/www.max-lahr.lu\/fr\/wp-json\/wp\/v2\/product"}],"about":[{"href":"https:\/\/www.max-lahr.lu\/fr\/wp-json\/wp\/v2\/types\/product"}],"replies":[{"embeddable":true,"href":"https:\/\/www.max-lahr.lu\/fr\/wp-json\/wp\/v2\/comments?post=6416"}],"wp:featuredmedia":[{"embeddable":true,"href":"https:\/\/www.max-lahr.lu\/fr\/wp-json\/wp\/v2\/media\/6105"}],"wp:attachment":[{"href":"https:\/\/www.max-lahr.lu\/fr\/wp-json\/wp\/v2\/media?parent=6416"}],"wp:term":[{"taxonomy":"product_brand","embeddable":true,"href":"https:\/\/www.max-lahr.lu\/fr\/wp-json\/wp\/v2\/product_brand?post=6416"},{"taxonomy":"product_cat","embeddable":true,"href":"https:\/\/www.max-lahr.lu\/fr\/wp-json\/wp\/v2\/product_cat?post=6416"},{"taxonomy":"product_tag","embeddable":true,"href":"https:\/\/www.max-lahr.lu\/fr\/wp-json\/wp\/v2\/product_tag?post=6416"}],"curies":[{"name":"wp","href":"https:\/\/api.w.org\/{rel}","templated":true}]}}