{"id":6080,"date":"2023-11-16T19:49:34","date_gmt":"2023-11-16T19:49:35","guid":{"rendered":"https:\/\/www.max-lahr.lu\/?post_type=product&#038;p=6080"},"modified":"2024-10-11T11:26:23","modified_gmt":"2024-10-11T11:26:23","slug":"pinot-noir-rouge-barrique-2022","status":"publish","type":"product","link":"https:\/\/www.max-lahr.lu\/fr\/weinshop\/pinot-noir-rouge-barrique-2022\/","title":{"rendered":"Pinot Noir rouge barrique 2022"},"content":{"rendered":"<p>Le pinot noir rouge poss\u00e8de une robe rouge rubis. Les ar\u00f4mes de groseilles \u00e0 maquereau, de cerises m\u00fbres, un soup\u00e7on de chocolat noir et une note de barrique \u00e9quilibr\u00e9e.<\/p>\n<p><strong>Menu recommand\u00e9<\/strong> : Fromage, M\u00e9daillon de veau au Pinot Noir, osso buco, gigot d&rsquo;agneau, lapin aux pruneaux, barbecue, c\u00f4tes de boeuf.<\/p>\n","protected":false},"excerpt":{"rendered":"<p>Mill\u00e9sime 2022<br \/>\nCouleur rouge rubis avec des groseilles \u00e0 maquereau, des cerises m\u00fbres et un soup\u00e7on d&rsquo;ar\u00f4mes de chocolat noir et des notes \u00e9quilibr\u00e9es de barrique.<br \/>\n<em>grand premier cru<\/em><em>, \u00e9lev\u00e9 en barrique, rouge<br \/>\n<\/em><\/p>\n","protected":false},"featured_media":7089,"comment_status":"closed","ping_status":"closed","template":"","meta":[],"product_brand":[],"product_cat":[360,431,172,174],"product_tag":[],"class_list":{"0":"post-6080","1":"product","2":"type-product","3":"status-publish","4":"has-post-thumbnail","6":"product_cat-millesime","7":"product_cat-2022-fr","8":"product_cat-les-vins","9":"product_cat-vins-rouge","10":"product_shipping_class-bouteilles","11":"pa_abfueller-embouteilleur-domaine-viticole-max-lahr-et-fils-fr-2","12":"pa_alkoholgehalt-taux-dalcool-125-fr","13":"pa_ausbau-elevage-sec","14":"pa_inhalt-contenu-l-075-litre-fr","15":"pa_jahrgang-millesime-384","16":"pa_lage-situation-elterberg-fr","17":"pa_restsuesse-sucre-residuel-6-g-l-fr","18":"pa_saeure-acidite-51-g-l-fr","19":"pa_sulfite-enthaelt-sulfite-fr","20":"description-off","22":"first","23":"instock","24":"featured","25":"taxable","26":"shipping-taxable","27":"purchasable","28":"product-type-simple"},"yoast_head":"<!-- This site is optimized with the Yoast SEO plugin v27.4 - https:\/\/yoast.com\/product\/yoast-seo-wordpress\/ -->\n<title>Pinot Noir rouge barrique 2022 - acheter maintenant | Max-Lahr et Fils<\/title>\n<meta name=\"description\" content=\"Pinot Noir rouge barrique 2022 - acheter maintenant rapidement et facilement. D\u00e9couvrez nos produits authentiques de la Moselle luxembourgeoise.\" \/>\n<meta name=\"robots\" content=\"index, follow, max-snippet:-1, max-image-preview:large, max-video-preview:-1\" \/>\n<link rel=\"canonical\" href=\"https:\/\/www.max-lahr.lu\/fr\/weinshop\/pinot-noir-rouge-barrique-2022\/\" \/>\n<meta property=\"og:locale\" content=\"fr_FR\" \/>\n<meta property=\"og:type\" content=\"article\" \/>\n<meta property=\"og:title\" content=\"Pinot Noir rouge barrique 2022 - acheter maintenant | Max-Lahr et Fils\" \/>\n<meta property=\"og:description\" content=\"Pinot Noir rouge barrique 2022 - acheter maintenant rapidement et facilement. D\u00e9couvrez nos produits authentiques de la Moselle luxembourgeoise.\" \/>\n<meta property=\"og:url\" content=\"https:\/\/www.max-lahr.lu\/fr\/weinshop\/pinot-noir-rouge-barrique-2022\/\" \/>\n<meta property=\"og:site_name\" content=\"Max-Lahr et Fils\" \/>\n<meta property=\"article:modified_time\" content=\"2024-10-11T11:26:23+00:00\" \/>\n<meta property=\"og:image\" content=\"https:\/\/www.max-lahr.lu\/wp-content\/uploads\/2025\/05\/ML-Pinot-Noir-barrique-2022.jpg\" \/>\n\t<meta property=\"og:image:width\" content=\"1080\" \/>\n\t<meta property=\"og:image:height\" content=\"1616\" \/>\n\t<meta property=\"og:image:type\" content=\"image\/jpeg\" \/>\n<script type=\"application\/ld+json\" class=\"yoast-schema-graph\">{\"@context\":\"https:\\\/\\\/schema.org\",\"@graph\":[{\"@type\":\"WebPage\",\"@id\":\"https:\\\/\\\/www.max-lahr.lu\\\/fr\\\/weinshop\\\/pinot-noir-rouge-barrique-2022\\\/\",\"url\":\"https:\\\/\\\/www.max-lahr.lu\\\/fr\\\/weinshop\\\/pinot-noir-rouge-barrique-2022\\\/\",\"name\":\"Pinot Noir rouge barrique 2022 - acheter maintenant | Max-Lahr et Fils\",\"isPartOf\":{\"@id\":\"https:\\\/\\\/www.max-lahr.lu\\\/#website\"},\"primaryImageOfPage\":{\"@id\":\"https:\\\/\\\/www.max-lahr.lu\\\/fr\\\/weinshop\\\/pinot-noir-rouge-barrique-2022\\\/#primaryimage\"},\"image\":{\"@id\":\"https:\\\/\\\/www.max-lahr.lu\\\/fr\\\/weinshop\\\/pinot-noir-rouge-barrique-2022\\\/#primaryimage\"},\"thumbnailUrl\":\"https:\\\/\\\/www.max-lahr.lu\\\/wp-content\\\/uploads\\\/2025\\\/05\\\/ML-Pinot-Noir-barrique-2022.jpg\",\"datePublished\":\"2023-11-16T19:49:35+00:00\",\"dateModified\":\"2024-10-11T11:26:23+00:00\",\"description\":\"Pinot Noir rouge barrique 2022 - acheter maintenant rapidement et facilement. D\u00e9couvrez nos produits authentiques de la Moselle luxembourgeoise.\",\"breadcrumb\":{\"@id\":\"https:\\\/\\\/www.max-lahr.lu\\\/fr\\\/weinshop\\\/pinot-noir-rouge-barrique-2022\\\/#breadcrumb\"},\"inLanguage\":\"fr-FR\",\"potentialAction\":[{\"@type\":\"ReadAction\",\"target\":[\"https:\\\/\\\/www.max-lahr.lu\\\/fr\\\/weinshop\\\/pinot-noir-rouge-barrique-2022\\\/\"]}]},{\"@type\":\"ImageObject\",\"inLanguage\":\"fr-FR\",\"@id\":\"https:\\\/\\\/www.max-lahr.lu\\\/fr\\\/weinshop\\\/pinot-noir-rouge-barrique-2022\\\/#primaryimage\",\"url\":\"https:\\\/\\\/www.max-lahr.lu\\\/wp-content\\\/uploads\\\/2025\\\/05\\\/ML-Pinot-Noir-barrique-2022.jpg\",\"contentUrl\":\"https:\\\/\\\/www.max-lahr.lu\\\/wp-content\\\/uploads\\\/2025\\\/05\\\/ML-Pinot-Noir-barrique-2022.jpg\",\"width\":1080,\"height\":1616},{\"@type\":\"BreadcrumbList\",\"@id\":\"https:\\\/\\\/www.max-lahr.lu\\\/fr\\\/weinshop\\\/pinot-noir-rouge-barrique-2022\\\/#breadcrumb\",\"itemListElement\":[{\"@type\":\"ListItem\",\"position\":1,\"name\":\"Home\",\"item\":\"https:\\\/\\\/www.max-lahr.lu\\\/\"},{\"@type\":\"ListItem\",\"position\":2,\"name\":\"Produkte\",\"item\":\"https:\\\/\\\/www.max-lahr.lu\\\/shop\\\/\"},{\"@type\":\"ListItem\",\"position\":3,\"name\":\"Pinot Noir rouge barrique 2022\"}]},{\"@type\":\"WebSite\",\"@id\":\"https:\\\/\\\/www.max-lahr.lu\\\/#website\",\"url\":\"https:\\\/\\\/www.max-lahr.lu\\\/\",\"name\":\"Max-Lahr et Fils\",\"description\":\"Weingut und Brennerei\",\"publisher\":{\"@id\":\"https:\\\/\\\/www.max-lahr.lu\\\/#organization\"},\"potentialAction\":[{\"@type\":\"SearchAction\",\"target\":{\"@type\":\"EntryPoint\",\"urlTemplate\":\"https:\\\/\\\/www.max-lahr.lu\\\/?s={search_term_string}\"},\"query-input\":{\"@type\":\"PropertyValueSpecification\",\"valueRequired\":true,\"valueName\":\"search_term_string\"}}],\"inLanguage\":\"fr-FR\"},{\"@type\":\"Organization\",\"@id\":\"https:\\\/\\\/www.max-lahr.lu\\\/#organization\",\"name\":\"Domaine Viticole Max-Lahr et fils\",\"url\":\"https:\\\/\\\/www.max-lahr.lu\\\/\",\"logo\":{\"@type\":\"ImageObject\",\"inLanguage\":\"fr-FR\",\"@id\":\"https:\\\/\\\/www.max-lahr.lu\\\/#\\\/schema\\\/logo\\\/image\\\/\",\"url\":\"\",\"contentUrl\":\"\",\"caption\":\"Domaine Viticole Max-Lahr et fils\"},\"image\":{\"@id\":\"https:\\\/\\\/www.max-lahr.lu\\\/#\\\/schema\\\/logo\\\/image\\\/\"}}]}<\/script>\n<!-- \/ Yoast SEO plugin. -->","yoast_head_json":{"title":"Pinot Noir rouge barrique 2022 - acheter maintenant | Max-Lahr et Fils","description":"Pinot Noir rouge barrique 2022 - acheter maintenant rapidement et facilement. D\u00e9couvrez nos produits authentiques de la Moselle luxembourgeoise.","robots":{"index":"index","follow":"follow","max-snippet":"max-snippet:-1","max-image-preview":"max-image-preview:large","max-video-preview":"max-video-preview:-1"},"canonical":"https:\/\/www.max-lahr.lu\/fr\/weinshop\/pinot-noir-rouge-barrique-2022\/","og_locale":"fr_FR","og_type":"article","og_title":"Pinot Noir rouge barrique 2022 - acheter maintenant | Max-Lahr et Fils","og_description":"Pinot Noir rouge barrique 2022 - acheter maintenant rapidement et facilement. D\u00e9couvrez nos produits authentiques de la Moselle luxembourgeoise.","og_url":"https:\/\/www.max-lahr.lu\/fr\/weinshop\/pinot-noir-rouge-barrique-2022\/","og_site_name":"Max-Lahr et Fils","article_modified_time":"2024-10-11T11:26:23+00:00","og_image":[{"width":1080,"height":1616,"url":"https:\/\/www.max-lahr.lu\/wp-content\/uploads\/2025\/05\/ML-Pinot-Noir-barrique-2022.jpg","type":"image\/jpeg"}],"schema":{"@context":"https:\/\/schema.org","@graph":[{"@type":"WebPage","@id":"https:\/\/www.max-lahr.lu\/fr\/weinshop\/pinot-noir-rouge-barrique-2022\/","url":"https:\/\/www.max-lahr.lu\/fr\/weinshop\/pinot-noir-rouge-barrique-2022\/","name":"Pinot Noir rouge barrique 2022 - acheter maintenant | Max-Lahr et Fils","isPartOf":{"@id":"https:\/\/www.max-lahr.lu\/#website"},"primaryImageOfPage":{"@id":"https:\/\/www.max-lahr.lu\/fr\/weinshop\/pinot-noir-rouge-barrique-2022\/#primaryimage"},"image":{"@id":"https:\/\/www.max-lahr.lu\/fr\/weinshop\/pinot-noir-rouge-barrique-2022\/#primaryimage"},"thumbnailUrl":"https:\/\/www.max-lahr.lu\/wp-content\/uploads\/2025\/05\/ML-Pinot-Noir-barrique-2022.jpg","datePublished":"2023-11-16T19:49:35+00:00","dateModified":"2024-10-11T11:26:23+00:00","description":"Pinot Noir rouge barrique 2022 - acheter maintenant rapidement et facilement. D\u00e9couvrez nos produits authentiques de la Moselle luxembourgeoise.","breadcrumb":{"@id":"https:\/\/www.max-lahr.lu\/fr\/weinshop\/pinot-noir-rouge-barrique-2022\/#breadcrumb"},"inLanguage":"fr-FR","potentialAction":[{"@type":"ReadAction","target":["https:\/\/www.max-lahr.lu\/fr\/weinshop\/pinot-noir-rouge-barrique-2022\/"]}]},{"@type":"ImageObject","inLanguage":"fr-FR","@id":"https:\/\/www.max-lahr.lu\/fr\/weinshop\/pinot-noir-rouge-barrique-2022\/#primaryimage","url":"https:\/\/www.max-lahr.lu\/wp-content\/uploads\/2025\/05\/ML-Pinot-Noir-barrique-2022.jpg","contentUrl":"https:\/\/www.max-lahr.lu\/wp-content\/uploads\/2025\/05\/ML-Pinot-Noir-barrique-2022.jpg","width":1080,"height":1616},{"@type":"BreadcrumbList","@id":"https:\/\/www.max-lahr.lu\/fr\/weinshop\/pinot-noir-rouge-barrique-2022\/#breadcrumb","itemListElement":[{"@type":"ListItem","position":1,"name":"Home","item":"https:\/\/www.max-lahr.lu\/"},{"@type":"ListItem","position":2,"name":"Produkte","item":"https:\/\/www.max-lahr.lu\/shop\/"},{"@type":"ListItem","position":3,"name":"Pinot Noir rouge barrique 2022"}]},{"@type":"WebSite","@id":"https:\/\/www.max-lahr.lu\/#website","url":"https:\/\/www.max-lahr.lu\/","name":"Max-Lahr et Fils","description":"Weingut und Brennerei","publisher":{"@id":"https:\/\/www.max-lahr.lu\/#organization"},"potentialAction":[{"@type":"SearchAction","target":{"@type":"EntryPoint","urlTemplate":"https:\/\/www.max-lahr.lu\/?s={search_term_string}"},"query-input":{"@type":"PropertyValueSpecification","valueRequired":true,"valueName":"search_term_string"}}],"inLanguage":"fr-FR"},{"@type":"Organization","@id":"https:\/\/www.max-lahr.lu\/#organization","name":"Domaine Viticole Max-Lahr et fils","url":"https:\/\/www.max-lahr.lu\/","logo":{"@type":"ImageObject","inLanguage":"fr-FR","@id":"https:\/\/www.max-lahr.lu\/#\/schema\/logo\/image\/","url":"","contentUrl":"","caption":"Domaine Viticole Max-Lahr et fils"},"image":{"@id":"https:\/\/www.max-lahr.lu\/#\/schema\/logo\/image\/"}}]}},"_links":{"self":[{"href":"https:\/\/www.max-lahr.lu\/fr\/wp-json\/wp\/v2\/product\/6080","targetHints":{"allow":["GET"]}}],"collection":[{"href":"https:\/\/www.max-lahr.lu\/fr\/wp-json\/wp\/v2\/product"}],"about":[{"href":"https:\/\/www.max-lahr.lu\/fr\/wp-json\/wp\/v2\/types\/product"}],"replies":[{"embeddable":true,"href":"https:\/\/www.max-lahr.lu\/fr\/wp-json\/wp\/v2\/comments?post=6080"}],"wp:featuredmedia":[{"embeddable":true,"href":"https:\/\/www.max-lahr.lu\/fr\/wp-json\/wp\/v2\/media\/7089"}],"wp:attachment":[{"href":"https:\/\/www.max-lahr.lu\/fr\/wp-json\/wp\/v2\/media?parent=6080"}],"wp:term":[{"taxonomy":"product_brand","embeddable":true,"href":"https:\/\/www.max-lahr.lu\/fr\/wp-json\/wp\/v2\/product_brand?post=6080"},{"taxonomy":"product_cat","embeddable":true,"href":"https:\/\/www.max-lahr.lu\/fr\/wp-json\/wp\/v2\/product_cat?post=6080"},{"taxonomy":"product_tag","embeddable":true,"href":"https:\/\/www.max-lahr.lu\/fr\/wp-json\/wp\/v2\/product_tag?post=6080"}],"curies":[{"name":"wp","href":"https:\/\/api.w.org\/{rel}","templated":true}]}}