{"id":5963,"date":"2023-04-18T20:40:57","date_gmt":"2023-04-18T20:40:58","guid":{"rendered":"https:\/\/www.max-lahr.lu\/?post_type=product&#038;p=5963"},"modified":"2023-04-18T20:44:05","modified_gmt":"2023-04-18T20:44:05","slug":"pinot-noir-rose-2021","status":"publish","type":"product","link":"https:\/\/www.max-lahr.lu\/fr\/weinshop\/pinot-noir-rose-2021\/","title":{"rendered":"Pinot Noir ros\u00e9 2021"},"content":{"rendered":"<p>Un excellent vin de terrasse, excellent avec les plats asiatiques et les plats au curry, mais \u00e9galement adapt\u00e9 aux p\u00e2tes &amp; pizzas.<\/p>\n<p><strong>Menu recommand\u00e9<\/strong>: Cuisine asiatique, pizza, p\u00e2tes, salades.<\/p>\n","protected":false},"excerpt":{"rendered":"<p>Mill\u00e9sime 2021<br \/>\nVin juteux, fruit\u00e9, agr\u00e9able au caract\u00e8re cors\u00e9.<br \/>\n<em>grand premier cru, ros\u00e9<\/em><\/p>\n","protected":false},"featured_media":6127,"comment_status":"closed","ping_status":"closed","template":"","meta":[],"product_brand":[],"product_cat":[360,372,172],"product_tag":[],"class_list":{"0":"post-5963","1":"product","2":"type-product","3":"status-publish","4":"has-post-thumbnail","6":"product_cat-millesime","7":"product_cat-2021-fr","8":"product_cat-les-vins","9":"product_shipping_class-bouteilles","10":"pa_abfueller-embouteilleur-domaine-viticole-max-lahr-et-fils-fr-2","11":"pa_alkoholgehalt-taux-dalcool-125-fr","12":"pa_ausbau-elevage-sec","13":"pa_inhalt-contenu-l-075-litre-fr","14":"pa_jahrgang-millesime-374","15":"pa_lage-situation-elterberg-fr","16":"pa_restsuesse-sucre-residuel-7-g-l-fr","17":"pa_saeure-acidite-51-g-l-fr","18":"pa_sulfite-enthaelt-sulfite-fr","19":"description-off","21":"first","22":"instock","23":"taxable","24":"shipping-taxable","25":"purchasable","26":"product-type-simple"},"yoast_head":"<!-- This site is optimized with the Yoast SEO plugin v27.4 - https:\/\/yoast.com\/product\/yoast-seo-wordpress\/ -->\n<title>Pinot Noir ros\u00e9 2021 - acheter maintenant | Max-Lahr et Fils<\/title>\n<meta name=\"description\" content=\"Pinot Noir ros\u00e9 2021 - acheter maintenant rapidement et facilement. D\u00e9couvrez nos produits authentiques de la Moselle luxembourgeoise.\" \/>\n<meta name=\"robots\" content=\"index, follow, max-snippet:-1, max-image-preview:large, max-video-preview:-1\" \/>\n<link rel=\"canonical\" href=\"https:\/\/www.max-lahr.lu\/fr\/weinshop\/pinot-noir-rose-2021\/\" \/>\n<meta property=\"og:locale\" content=\"fr_FR\" \/>\n<meta property=\"og:type\" content=\"article\" \/>\n<meta property=\"og:title\" content=\"Pinot Noir ros\u00e9 2021 - acheter maintenant | Max-Lahr et Fils\" \/>\n<meta property=\"og:description\" content=\"Pinot Noir ros\u00e9 2021 - acheter maintenant rapidement et facilement. D\u00e9couvrez nos produits authentiques de la Moselle luxembourgeoise.\" \/>\n<meta property=\"og:url\" content=\"https:\/\/www.max-lahr.lu\/fr\/weinshop\/pinot-noir-rose-2021\/\" \/>\n<meta property=\"og:site_name\" content=\"Max-Lahr et Fils\" \/>\n<meta property=\"article:modified_time\" content=\"2023-04-18T20:44:05+00:00\" \/>\n<meta property=\"og:image\" content=\"https:\/\/www.max-lahr.lu\/wp-content\/uploads\/2022\/11\/IMG_9467-rotated.jpg\" \/>\n\t<meta property=\"og:image:width\" content=\"1280\" \/>\n\t<meta property=\"og:image:height\" content=\"1920\" \/>\n\t<meta property=\"og:image:type\" content=\"image\/jpeg\" \/>\n<script type=\"application\/ld+json\" class=\"yoast-schema-graph\">{\"@context\":\"https:\\\/\\\/schema.org\",\"@graph\":[{\"@type\":\"WebPage\",\"@id\":\"https:\\\/\\\/www.max-lahr.lu\\\/fr\\\/weinshop\\\/pinot-noir-rose-2021\\\/\",\"url\":\"https:\\\/\\\/www.max-lahr.lu\\\/fr\\\/weinshop\\\/pinot-noir-rose-2021\\\/\",\"name\":\"Pinot Noir ros\u00e9 2021 - acheter maintenant | Max-Lahr et Fils\",\"isPartOf\":{\"@id\":\"https:\\\/\\\/www.max-lahr.lu\\\/#website\"},\"primaryImageOfPage\":{\"@id\":\"https:\\\/\\\/www.max-lahr.lu\\\/fr\\\/weinshop\\\/pinot-noir-rose-2021\\\/#primaryimage\"},\"image\":{\"@id\":\"https:\\\/\\\/www.max-lahr.lu\\\/fr\\\/weinshop\\\/pinot-noir-rose-2021\\\/#primaryimage\"},\"thumbnailUrl\":\"https:\\\/\\\/www.max-lahr.lu\\\/wp-content\\\/uploads\\\/2023\\\/12\\\/pn-2021.jpg\",\"datePublished\":\"2023-04-18T20:40:58+00:00\",\"dateModified\":\"2023-04-18T20:44:05+00:00\",\"description\":\"Pinot Noir ros\u00e9 2021 - acheter maintenant rapidement et facilement. D\u00e9couvrez nos produits authentiques de la Moselle luxembourgeoise.\",\"breadcrumb\":{\"@id\":\"https:\\\/\\\/www.max-lahr.lu\\\/fr\\\/weinshop\\\/pinot-noir-rose-2021\\\/#breadcrumb\"},\"inLanguage\":\"fr-FR\",\"potentialAction\":[{\"@type\":\"ReadAction\",\"target\":[\"https:\\\/\\\/www.max-lahr.lu\\\/fr\\\/weinshop\\\/pinot-noir-rose-2021\\\/\"]}]},{\"@type\":\"ImageObject\",\"inLanguage\":\"fr-FR\",\"@id\":\"https:\\\/\\\/www.max-lahr.lu\\\/fr\\\/weinshop\\\/pinot-noir-rose-2021\\\/#primaryimage\",\"url\":\"https:\\\/\\\/www.max-lahr.lu\\\/wp-content\\\/uploads\\\/2023\\\/12\\\/pn-2021.jpg\",\"contentUrl\":\"https:\\\/\\\/www.max-lahr.lu\\\/wp-content\\\/uploads\\\/2023\\\/12\\\/pn-2021.jpg\",\"width\":1069,\"height\":1600},{\"@type\":\"BreadcrumbList\",\"@id\":\"https:\\\/\\\/www.max-lahr.lu\\\/fr\\\/weinshop\\\/pinot-noir-rose-2021\\\/#breadcrumb\",\"itemListElement\":[{\"@type\":\"ListItem\",\"position\":1,\"name\":\"Home\",\"item\":\"https:\\\/\\\/www.max-lahr.lu\\\/\"},{\"@type\":\"ListItem\",\"position\":2,\"name\":\"Produkte\",\"item\":\"https:\\\/\\\/www.max-lahr.lu\\\/shop\\\/\"},{\"@type\":\"ListItem\",\"position\":3,\"name\":\"Pinot Noir ros\u00e9 2021\"}]},{\"@type\":\"WebSite\",\"@id\":\"https:\\\/\\\/www.max-lahr.lu\\\/#website\",\"url\":\"https:\\\/\\\/www.max-lahr.lu\\\/\",\"name\":\"Max-Lahr et Fils\",\"description\":\"Weingut und Brennerei\",\"publisher\":{\"@id\":\"https:\\\/\\\/www.max-lahr.lu\\\/#organization\"},\"potentialAction\":[{\"@type\":\"SearchAction\",\"target\":{\"@type\":\"EntryPoint\",\"urlTemplate\":\"https:\\\/\\\/www.max-lahr.lu\\\/?s={search_term_string}\"},\"query-input\":{\"@type\":\"PropertyValueSpecification\",\"valueRequired\":true,\"valueName\":\"search_term_string\"}}],\"inLanguage\":\"fr-FR\"},{\"@type\":\"Organization\",\"@id\":\"https:\\\/\\\/www.max-lahr.lu\\\/#organization\",\"name\":\"Domaine Viticole Max-Lahr et fils\",\"url\":\"https:\\\/\\\/www.max-lahr.lu\\\/\",\"logo\":{\"@type\":\"ImageObject\",\"inLanguage\":\"fr-FR\",\"@id\":\"https:\\\/\\\/www.max-lahr.lu\\\/#\\\/schema\\\/logo\\\/image\\\/\",\"url\":\"\",\"contentUrl\":\"\",\"caption\":\"Domaine Viticole Max-Lahr et fils\"},\"image\":{\"@id\":\"https:\\\/\\\/www.max-lahr.lu\\\/#\\\/schema\\\/logo\\\/image\\\/\"}}]}<\/script>\n<!-- \/ Yoast SEO plugin. -->","yoast_head_json":{"title":"Pinot Noir ros\u00e9 2021 - acheter maintenant | Max-Lahr et Fils","description":"Pinot Noir ros\u00e9 2021 - acheter maintenant rapidement et facilement. D\u00e9couvrez nos produits authentiques de la Moselle luxembourgeoise.","robots":{"index":"index","follow":"follow","max-snippet":"max-snippet:-1","max-image-preview":"max-image-preview:large","max-video-preview":"max-video-preview:-1"},"canonical":"https:\/\/www.max-lahr.lu\/fr\/weinshop\/pinot-noir-rose-2021\/","og_locale":"fr_FR","og_type":"article","og_title":"Pinot Noir ros\u00e9 2021 - acheter maintenant | Max-Lahr et Fils","og_description":"Pinot Noir ros\u00e9 2021 - acheter maintenant rapidement et facilement. D\u00e9couvrez nos produits authentiques de la Moselle luxembourgeoise.","og_url":"https:\/\/www.max-lahr.lu\/fr\/weinshop\/pinot-noir-rose-2021\/","og_site_name":"Max-Lahr et Fils","article_modified_time":"2023-04-18T20:44:05+00:00","og_image":[{"width":1280,"height":1920,"url":"https:\/\/www.max-lahr.lu\/wp-content\/uploads\/2022\/11\/IMG_9467-rotated.jpg","type":"image\/jpeg"}],"schema":{"@context":"https:\/\/schema.org","@graph":[{"@type":"WebPage","@id":"https:\/\/www.max-lahr.lu\/fr\/weinshop\/pinot-noir-rose-2021\/","url":"https:\/\/www.max-lahr.lu\/fr\/weinshop\/pinot-noir-rose-2021\/","name":"Pinot Noir ros\u00e9 2021 - acheter maintenant | Max-Lahr et Fils","isPartOf":{"@id":"https:\/\/www.max-lahr.lu\/#website"},"primaryImageOfPage":{"@id":"https:\/\/www.max-lahr.lu\/fr\/weinshop\/pinot-noir-rose-2021\/#primaryimage"},"image":{"@id":"https:\/\/www.max-lahr.lu\/fr\/weinshop\/pinot-noir-rose-2021\/#primaryimage"},"thumbnailUrl":"https:\/\/www.max-lahr.lu\/wp-content\/uploads\/2023\/12\/pn-2021.jpg","datePublished":"2023-04-18T20:40:58+00:00","dateModified":"2023-04-18T20:44:05+00:00","description":"Pinot Noir ros\u00e9 2021 - acheter maintenant rapidement et facilement. D\u00e9couvrez nos produits authentiques de la Moselle luxembourgeoise.","breadcrumb":{"@id":"https:\/\/www.max-lahr.lu\/fr\/weinshop\/pinot-noir-rose-2021\/#breadcrumb"},"inLanguage":"fr-FR","potentialAction":[{"@type":"ReadAction","target":["https:\/\/www.max-lahr.lu\/fr\/weinshop\/pinot-noir-rose-2021\/"]}]},{"@type":"ImageObject","inLanguage":"fr-FR","@id":"https:\/\/www.max-lahr.lu\/fr\/weinshop\/pinot-noir-rose-2021\/#primaryimage","url":"https:\/\/www.max-lahr.lu\/wp-content\/uploads\/2023\/12\/pn-2021.jpg","contentUrl":"https:\/\/www.max-lahr.lu\/wp-content\/uploads\/2023\/12\/pn-2021.jpg","width":1069,"height":1600},{"@type":"BreadcrumbList","@id":"https:\/\/www.max-lahr.lu\/fr\/weinshop\/pinot-noir-rose-2021\/#breadcrumb","itemListElement":[{"@type":"ListItem","position":1,"name":"Home","item":"https:\/\/www.max-lahr.lu\/"},{"@type":"ListItem","position":2,"name":"Produkte","item":"https:\/\/www.max-lahr.lu\/shop\/"},{"@type":"ListItem","position":3,"name":"Pinot Noir ros\u00e9 2021"}]},{"@type":"WebSite","@id":"https:\/\/www.max-lahr.lu\/#website","url":"https:\/\/www.max-lahr.lu\/","name":"Max-Lahr et Fils","description":"Weingut und Brennerei","publisher":{"@id":"https:\/\/www.max-lahr.lu\/#organization"},"potentialAction":[{"@type":"SearchAction","target":{"@type":"EntryPoint","urlTemplate":"https:\/\/www.max-lahr.lu\/?s={search_term_string}"},"query-input":{"@type":"PropertyValueSpecification","valueRequired":true,"valueName":"search_term_string"}}],"inLanguage":"fr-FR"},{"@type":"Organization","@id":"https:\/\/www.max-lahr.lu\/#organization","name":"Domaine Viticole Max-Lahr et fils","url":"https:\/\/www.max-lahr.lu\/","logo":{"@type":"ImageObject","inLanguage":"fr-FR","@id":"https:\/\/www.max-lahr.lu\/#\/schema\/logo\/image\/","url":"","contentUrl":"","caption":"Domaine Viticole Max-Lahr et fils"},"image":{"@id":"https:\/\/www.max-lahr.lu\/#\/schema\/logo\/image\/"}}]}},"_links":{"self":[{"href":"https:\/\/www.max-lahr.lu\/fr\/wp-json\/wp\/v2\/product\/5963","targetHints":{"allow":["GET"]}}],"collection":[{"href":"https:\/\/www.max-lahr.lu\/fr\/wp-json\/wp\/v2\/product"}],"about":[{"href":"https:\/\/www.max-lahr.lu\/fr\/wp-json\/wp\/v2\/types\/product"}],"replies":[{"embeddable":true,"href":"https:\/\/www.max-lahr.lu\/fr\/wp-json\/wp\/v2\/comments?post=5963"}],"wp:featuredmedia":[{"embeddable":true,"href":"https:\/\/www.max-lahr.lu\/fr\/wp-json\/wp\/v2\/media\/6127"}],"wp:attachment":[{"href":"https:\/\/www.max-lahr.lu\/fr\/wp-json\/wp\/v2\/media?parent=5963"}],"wp:term":[{"taxonomy":"product_brand","embeddable":true,"href":"https:\/\/www.max-lahr.lu\/fr\/wp-json\/wp\/v2\/product_brand?post=5963"},{"taxonomy":"product_cat","embeddable":true,"href":"https:\/\/www.max-lahr.lu\/fr\/wp-json\/wp\/v2\/product_cat?post=5963"},{"taxonomy":"product_tag","embeddable":true,"href":"https:\/\/www.max-lahr.lu\/fr\/wp-json\/wp\/v2\/product_tag?post=5963"}],"curies":[{"name":"wp","href":"https:\/\/api.w.org\/{rel}","templated":true}]}}