{"id":5743,"date":"2022-12-07T20:01:46","date_gmt":"2022-12-07T20:09:04","guid":{"rendered":"https:\/\/www.max-lahr.lu\/?post_type=product&#038;p=5743"},"modified":"2024-12-10T19:43:53","modified_gmt":"2024-12-10T17:43:53","slug":"coffret-de-degustation-cremant","status":"publish","type":"product","link":"https:\/\/www.max-lahr.lu\/fr\/weinshop\/coffret-de-degustation-cremant\/","title":{"rendered":"Coffret de d\u00e9gustation Cr\u00e9mant"},"content":{"rendered":"<p>Cette ann\u00e9e, vous avez la possibilit\u00e9 de commander un coffret de d\u00e9gustation de Cr\u00e9mant de notre domaine viticole Max-Lahr et Fils.<br \/>\nLe coffret de d\u00e9gustation contient trois cr\u00e9mants diff\u00e9rents. Parfait pour offrir ou pour se faire plaisir.<\/p>\n","protected":false},"excerpt":{"rendered":"<p>Pour les amoureux du Cr\u00e9mant, nous avons compos\u00e9 ce coffret de d\u00e9gustation. Les cr\u00e9mants qu&rsquo;il contient sont les suivants :<\/p>\n<ul>\n<li><a href=\"https:\/\/www.max-lahr.lu\/weinshop\/cremant-brut-rose-gold\/\">Cr\u00e9mant brut \u201eros\u00e9 Gold\u201c<\/a><\/li>\n<li><a href=\"https:\/\/www.max-lahr.lu\/weinshop\/cremant-brut-cuvee-celine\/\">Cr\u00e9mant brut Cuv\u00e9e C\u00e9line<\/a><\/li>\n<li><a href=\"https:\/\/www.max-lahr.lu\/weinshop\/cremant-brut-max-lahr\/\">Cr\u00e9mant brut Max-Lahr<\/a><\/li>\n<\/ul>\n<p>Pour plus d&rsquo;informations, veuillez consulter les Cr\u00e9mants correspondants.<\/p>\n","protected":false},"featured_media":6841,"comment_status":"closed","ping_status":"closed","template":"","meta":[],"product_brand":[],"product_cat":[169],"product_tag":[],"class_list":{"0":"post-5743","1":"product","2":"type-product","3":"status-publish","4":"has-post-thumbnail","6":"product_cat-package-de-degustation","7":"product_shipping_class-bouteilles","8":"pa_abfueller-embouteilleur-domaine-viticole-max-lahr-et-fils-fr-2","9":"pa_sulfite-enthaelt-sulfite-fr","10":"description-off","12":"first","13":"instock","14":"taxable","15":"shipping-taxable","16":"purchasable","17":"product-type-simple"},"yoast_head":"<!-- This site is optimized with the Yoast SEO plugin v27.4 - https:\/\/yoast.com\/product\/yoast-seo-wordpress\/ -->\n<title>Coffret de d\u00e9gustation Cr\u00e9mant - acheter maintenant | Max-Lahr et Fils<\/title>\n<meta name=\"description\" content=\"Coffret de d\u00e9gustation Cr\u00e9mant - acheter maintenant rapidement et facilement. D\u00e9couvrez nos produits authentiques de la Moselle luxembourgeoise.\" \/>\n<meta name=\"robots\" content=\"index, follow, max-snippet:-1, max-image-preview:large, max-video-preview:-1\" \/>\n<link rel=\"canonical\" href=\"https:\/\/www.max-lahr.lu\/fr\/weinshop\/coffret-de-degustation-cremant\/\" \/>\n<meta property=\"og:locale\" content=\"fr_FR\" \/>\n<meta property=\"og:type\" content=\"article\" \/>\n<meta property=\"og:title\" content=\"Coffret de d\u00e9gustation Cr\u00e9mant - acheter maintenant | Max-Lahr et Fils\" \/>\n<meta property=\"og:description\" content=\"Coffret de d\u00e9gustation Cr\u00e9mant - acheter maintenant rapidement et facilement. D\u00e9couvrez nos produits authentiques de la Moselle luxembourgeoise.\" \/>\n<meta property=\"og:url\" content=\"https:\/\/www.max-lahr.lu\/fr\/weinshop\/coffret-de-degustation-cremant\/\" \/>\n<meta property=\"og:site_name\" content=\"Max-Lahr et Fils\" \/>\n<meta property=\"article:modified_time\" content=\"2024-12-10T17:43:53+00:00\" \/>\n<meta property=\"og:image\" content=\"https:\/\/www.max-lahr.lu\/wp-content\/uploads\/2024\/12\/Cremant_Package-rotated.jpg\" \/>\n\t<meta property=\"og:image:width\" content=\"1080\" \/>\n\t<meta property=\"og:image:height\" content=\"1616\" \/>\n\t<meta property=\"og:image:type\" content=\"image\/jpeg\" \/>\n<script type=\"application\/ld+json\" class=\"yoast-schema-graph\">{\"@context\":\"https:\\\/\\\/schema.org\",\"@graph\":[{\"@type\":\"WebPage\",\"@id\":\"https:\\\/\\\/www.max-lahr.lu\\\/fr\\\/weinshop\\\/coffret-de-degustation-cremant\\\/\",\"url\":\"https:\\\/\\\/www.max-lahr.lu\\\/fr\\\/weinshop\\\/coffret-de-degustation-cremant\\\/\",\"name\":\"Coffret de d\u00e9gustation Cr\u00e9mant - acheter maintenant | Max-Lahr et Fils\",\"isPartOf\":{\"@id\":\"https:\\\/\\\/www.max-lahr.lu\\\/#website\"},\"primaryImageOfPage\":{\"@id\":\"https:\\\/\\\/www.max-lahr.lu\\\/fr\\\/weinshop\\\/coffret-de-degustation-cremant\\\/#primaryimage\"},\"image\":{\"@id\":\"https:\\\/\\\/www.max-lahr.lu\\\/fr\\\/weinshop\\\/coffret-de-degustation-cremant\\\/#primaryimage\"},\"thumbnailUrl\":\"https:\\\/\\\/www.max-lahr.lu\\\/wp-content\\\/uploads\\\/2024\\\/12\\\/Cremant_Package-rotated.jpg\",\"datePublished\":\"2022-12-07T20:09:04+00:00\",\"dateModified\":\"2024-12-10T17:43:53+00:00\",\"description\":\"Coffret de d\u00e9gustation Cr\u00e9mant - acheter maintenant rapidement et facilement. D\u00e9couvrez nos produits authentiques de la Moselle luxembourgeoise.\",\"breadcrumb\":{\"@id\":\"https:\\\/\\\/www.max-lahr.lu\\\/fr\\\/weinshop\\\/coffret-de-degustation-cremant\\\/#breadcrumb\"},\"inLanguage\":\"fr-FR\",\"potentialAction\":[{\"@type\":\"ReadAction\",\"target\":[\"https:\\\/\\\/www.max-lahr.lu\\\/fr\\\/weinshop\\\/coffret-de-degustation-cremant\\\/\"]}]},{\"@type\":\"ImageObject\",\"inLanguage\":\"fr-FR\",\"@id\":\"https:\\\/\\\/www.max-lahr.lu\\\/fr\\\/weinshop\\\/coffret-de-degustation-cremant\\\/#primaryimage\",\"url\":\"https:\\\/\\\/www.max-lahr.lu\\\/wp-content\\\/uploads\\\/2024\\\/12\\\/Cremant_Package-rotated.jpg\",\"contentUrl\":\"https:\\\/\\\/www.max-lahr.lu\\\/wp-content\\\/uploads\\\/2024\\\/12\\\/Cremant_Package-rotated.jpg\",\"width\":1080,\"height\":1616},{\"@type\":\"BreadcrumbList\",\"@id\":\"https:\\\/\\\/www.max-lahr.lu\\\/fr\\\/weinshop\\\/coffret-de-degustation-cremant\\\/#breadcrumb\",\"itemListElement\":[{\"@type\":\"ListItem\",\"position\":1,\"name\":\"Home\",\"item\":\"https:\\\/\\\/www.max-lahr.lu\\\/\"},{\"@type\":\"ListItem\",\"position\":2,\"name\":\"Produkte\",\"item\":\"https:\\\/\\\/www.max-lahr.lu\\\/shop\\\/\"},{\"@type\":\"ListItem\",\"position\":3,\"name\":\"Coffret de d\u00e9gustation Cr\u00e9mant\"}]},{\"@type\":\"WebSite\",\"@id\":\"https:\\\/\\\/www.max-lahr.lu\\\/#website\",\"url\":\"https:\\\/\\\/www.max-lahr.lu\\\/\",\"name\":\"Max-Lahr et Fils\",\"description\":\"Weingut und Brennerei\",\"publisher\":{\"@id\":\"https:\\\/\\\/www.max-lahr.lu\\\/#organization\"},\"potentialAction\":[{\"@type\":\"SearchAction\",\"target\":{\"@type\":\"EntryPoint\",\"urlTemplate\":\"https:\\\/\\\/www.max-lahr.lu\\\/?s={search_term_string}\"},\"query-input\":{\"@type\":\"PropertyValueSpecification\",\"valueRequired\":true,\"valueName\":\"search_term_string\"}}],\"inLanguage\":\"fr-FR\"},{\"@type\":\"Organization\",\"@id\":\"https:\\\/\\\/www.max-lahr.lu\\\/#organization\",\"name\":\"Domaine Viticole Max-Lahr et fils\",\"url\":\"https:\\\/\\\/www.max-lahr.lu\\\/\",\"logo\":{\"@type\":\"ImageObject\",\"inLanguage\":\"fr-FR\",\"@id\":\"https:\\\/\\\/www.max-lahr.lu\\\/#\\\/schema\\\/logo\\\/image\\\/\",\"url\":\"\",\"contentUrl\":\"\",\"caption\":\"Domaine Viticole Max-Lahr et fils\"},\"image\":{\"@id\":\"https:\\\/\\\/www.max-lahr.lu\\\/#\\\/schema\\\/logo\\\/image\\\/\"}}]}<\/script>\n<!-- \/ Yoast SEO plugin. -->","yoast_head_json":{"title":"Coffret de d\u00e9gustation Cr\u00e9mant - acheter maintenant | Max-Lahr et Fils","description":"Coffret de d\u00e9gustation Cr\u00e9mant - acheter maintenant rapidement et facilement. D\u00e9couvrez nos produits authentiques de la Moselle luxembourgeoise.","robots":{"index":"index","follow":"follow","max-snippet":"max-snippet:-1","max-image-preview":"max-image-preview:large","max-video-preview":"max-video-preview:-1"},"canonical":"https:\/\/www.max-lahr.lu\/fr\/weinshop\/coffret-de-degustation-cremant\/","og_locale":"fr_FR","og_type":"article","og_title":"Coffret de d\u00e9gustation Cr\u00e9mant - acheter maintenant | Max-Lahr et Fils","og_description":"Coffret de d\u00e9gustation Cr\u00e9mant - acheter maintenant rapidement et facilement. D\u00e9couvrez nos produits authentiques de la Moselle luxembourgeoise.","og_url":"https:\/\/www.max-lahr.lu\/fr\/weinshop\/coffret-de-degustation-cremant\/","og_site_name":"Max-Lahr et Fils","article_modified_time":"2024-12-10T17:43:53+00:00","og_image":[{"width":1080,"height":1616,"url":"https:\/\/www.max-lahr.lu\/wp-content\/uploads\/2024\/12\/Cremant_Package-rotated.jpg","type":"image\/jpeg"}],"schema":{"@context":"https:\/\/schema.org","@graph":[{"@type":"WebPage","@id":"https:\/\/www.max-lahr.lu\/fr\/weinshop\/coffret-de-degustation-cremant\/","url":"https:\/\/www.max-lahr.lu\/fr\/weinshop\/coffret-de-degustation-cremant\/","name":"Coffret de d\u00e9gustation Cr\u00e9mant - acheter maintenant | Max-Lahr et Fils","isPartOf":{"@id":"https:\/\/www.max-lahr.lu\/#website"},"primaryImageOfPage":{"@id":"https:\/\/www.max-lahr.lu\/fr\/weinshop\/coffret-de-degustation-cremant\/#primaryimage"},"image":{"@id":"https:\/\/www.max-lahr.lu\/fr\/weinshop\/coffret-de-degustation-cremant\/#primaryimage"},"thumbnailUrl":"https:\/\/www.max-lahr.lu\/wp-content\/uploads\/2024\/12\/Cremant_Package-rotated.jpg","datePublished":"2022-12-07T20:09:04+00:00","dateModified":"2024-12-10T17:43:53+00:00","description":"Coffret de d\u00e9gustation Cr\u00e9mant - acheter maintenant rapidement et facilement. D\u00e9couvrez nos produits authentiques de la Moselle luxembourgeoise.","breadcrumb":{"@id":"https:\/\/www.max-lahr.lu\/fr\/weinshop\/coffret-de-degustation-cremant\/#breadcrumb"},"inLanguage":"fr-FR","potentialAction":[{"@type":"ReadAction","target":["https:\/\/www.max-lahr.lu\/fr\/weinshop\/coffret-de-degustation-cremant\/"]}]},{"@type":"ImageObject","inLanguage":"fr-FR","@id":"https:\/\/www.max-lahr.lu\/fr\/weinshop\/coffret-de-degustation-cremant\/#primaryimage","url":"https:\/\/www.max-lahr.lu\/wp-content\/uploads\/2024\/12\/Cremant_Package-rotated.jpg","contentUrl":"https:\/\/www.max-lahr.lu\/wp-content\/uploads\/2024\/12\/Cremant_Package-rotated.jpg","width":1080,"height":1616},{"@type":"BreadcrumbList","@id":"https:\/\/www.max-lahr.lu\/fr\/weinshop\/coffret-de-degustation-cremant\/#breadcrumb","itemListElement":[{"@type":"ListItem","position":1,"name":"Home","item":"https:\/\/www.max-lahr.lu\/"},{"@type":"ListItem","position":2,"name":"Produkte","item":"https:\/\/www.max-lahr.lu\/shop\/"},{"@type":"ListItem","position":3,"name":"Coffret de d\u00e9gustation Cr\u00e9mant"}]},{"@type":"WebSite","@id":"https:\/\/www.max-lahr.lu\/#website","url":"https:\/\/www.max-lahr.lu\/","name":"Max-Lahr et Fils","description":"Weingut und Brennerei","publisher":{"@id":"https:\/\/www.max-lahr.lu\/#organization"},"potentialAction":[{"@type":"SearchAction","target":{"@type":"EntryPoint","urlTemplate":"https:\/\/www.max-lahr.lu\/?s={search_term_string}"},"query-input":{"@type":"PropertyValueSpecification","valueRequired":true,"valueName":"search_term_string"}}],"inLanguage":"fr-FR"},{"@type":"Organization","@id":"https:\/\/www.max-lahr.lu\/#organization","name":"Domaine Viticole Max-Lahr et fils","url":"https:\/\/www.max-lahr.lu\/","logo":{"@type":"ImageObject","inLanguage":"fr-FR","@id":"https:\/\/www.max-lahr.lu\/#\/schema\/logo\/image\/","url":"","contentUrl":"","caption":"Domaine Viticole Max-Lahr et fils"},"image":{"@id":"https:\/\/www.max-lahr.lu\/#\/schema\/logo\/image\/"}}]}},"_links":{"self":[{"href":"https:\/\/www.max-lahr.lu\/fr\/wp-json\/wp\/v2\/product\/5743","targetHints":{"allow":["GET"]}}],"collection":[{"href":"https:\/\/www.max-lahr.lu\/fr\/wp-json\/wp\/v2\/product"}],"about":[{"href":"https:\/\/www.max-lahr.lu\/fr\/wp-json\/wp\/v2\/types\/product"}],"replies":[{"embeddable":true,"href":"https:\/\/www.max-lahr.lu\/fr\/wp-json\/wp\/v2\/comments?post=5743"}],"wp:featuredmedia":[{"embeddable":true,"href":"https:\/\/www.max-lahr.lu\/fr\/wp-json\/wp\/v2\/media\/6841"}],"wp:attachment":[{"href":"https:\/\/www.max-lahr.lu\/fr\/wp-json\/wp\/v2\/media?parent=5743"}],"wp:term":[{"taxonomy":"product_brand","embeddable":true,"href":"https:\/\/www.max-lahr.lu\/fr\/wp-json\/wp\/v2\/product_brand?post=5743"},{"taxonomy":"product_cat","embeddable":true,"href":"https:\/\/www.max-lahr.lu\/fr\/wp-json\/wp\/v2\/product_cat?post=5743"},{"taxonomy":"product_tag","embeddable":true,"href":"https:\/\/www.max-lahr.lu\/fr\/wp-json\/wp\/v2\/product_tag?post=5743"}],"curies":[{"name":"wp","href":"https:\/\/api.w.org\/{rel}","templated":true}]}}