{"id":5349,"date":"2022-06-09T16:19:04","date_gmt":"2022-06-09T16:19:04","guid":{"rendered":"https:\/\/www.max-lahr.lu\/?page_id=5349"},"modified":"2024-12-11T00:24:50","modified_gmt":"2024-12-10T22:24:50","slug":"protection-des-donnees-medias-sociaux","status":"publish","type":"page","link":"https:\/\/www.max-lahr.lu\/fr\/protection-des-donnees-medias-sociaux\/","title":{"rendered":"Protection des Donn\u00e9es M\u00e9dias Sociaux"},"content":{"rendered":"\n<h3 class=\"wp-block-heading\">Notre pr\u00e9sence sur les m\u00e9dias sociaux<\/h3>\n\n\n\n<h4 class=\"wp-block-heading\">Traitement des donn\u00e9es par les r\u00e9seaux sociaux<\/h4>\n\n\n\n<p>Nous g\u00e9rons des profils accessibles au public sur les r\u00e9seaux sociaux. Vous trouverez ci-dessous les r\u00e9seaux sociaux que nous utilisons en d\u00e9tail.<\/p>\n\n\n\n<p>Les r\u00e9seaux sociaux tels que Facebook, Twitter, etc. peuvent g\u00e9n\u00e9ralement analyser en d\u00e9tail votre comportement d&rsquo;utilisateur lorsque vous visitez leur site web ou un site web avec des contenus de m\u00e9dias sociaux int\u00e9gr\u00e9s (par ex. boutons \u00ab\u00a0J&rsquo;aime\u00a0\u00bb ou banni\u00e8res publicitaires). La visite de nos pr\u00e9sences sur les m\u00e9dias sociaux d\u00e9clenche de nombreux processus de traitement relatifs \u00e0 la protection des donn\u00e9es. Dans le d\u00e9tail :<\/p>\n\n\n\n<p>Si vous \u00eates connect\u00e9 \u00e0 votre compte de m\u00e9dias sociaux et que vous visitez notre pr\u00e9sence sur les m\u00e9dias sociaux, l&rsquo;exploitant du portail de m\u00e9dias sociaux peut attribuer cette visite \u00e0 votre compte d&rsquo;utilisateur. Dans certaines circonstances, vos donn\u00e9es personnelles peuvent \u00e9galement \u00eatre collect\u00e9es si vous n&rsquo;\u00eates pas connect\u00e9 ou si vous ne poss\u00e9dez pas de compte sur le portail de m\u00e9dias sociaux concern\u00e9. Dans ce cas, cette saisie de donn\u00e9es s&rsquo;effectue par exemple par le biais de cookies qui sont enregistr\u00e9s sur votre terminal ou par la saisie de votre adresse IP.<\/p>\n\n\n\n<p>\u00c0 l&rsquo;aide des donn\u00e9es ainsi collect\u00e9es, les exploitants des portails de m\u00e9dias sociaux peuvent cr\u00e9er des profils d&rsquo;utilisateurs dans lesquels vos pr\u00e9f\u00e9rences et vos int\u00e9r\u00eats sont enregistr\u00e9s. De cette mani\u00e8re, des publicit\u00e9s bas\u00e9es sur vos int\u00e9r\u00eats peuvent vous \u00eatre pr\u00e9sent\u00e9es dans et en dehors de la pr\u00e9sence des m\u00e9dias sociaux concern\u00e9s. Dans la mesure o\u00f9 vous disposez d&rsquo;un compte sur le r\u00e9seau social concern\u00e9, la publicit\u00e9 bas\u00e9e sur les centres d&rsquo;int\u00e9r\u00eat peut \u00eatre affich\u00e9e sur tous les appareils sur lesquels vous \u00eates ou avez \u00e9t\u00e9 connect\u00e9.<\/p>\n\n\n\n<p>Veuillez \u00e9galement noter que nous ne pouvons pas suivre tous les processus de traitement sur les portails de m\u00e9dias sociaux. Selon le fournisseur, d&rsquo;autres processus de traitement peuvent donc \u00e9ventuellement \u00eatre effectu\u00e9s par les exploitants des portails de m\u00e9dias sociaux. Pour plus de d\u00e9tails \u00e0 ce sujet, veuillez consulter les conditions d&rsquo;utilisation et les dispositions relatives \u00e0 la protection des donn\u00e9es des portails de m\u00e9dias sociaux respectifs.<\/p>\n\n\n\n<h4 class=\"wp-block-heading\">Base juridique<\/h4>\n\n\n\n<p>Nos sites de m\u00e9dias sociaux doivent garantir une pr\u00e9sence aussi compl\u00e8te que possible sur Internet. Il s&rsquo;agit ici d&rsquo;un int\u00e9r\u00eat l\u00e9gitime au sens de l&rsquo;article 6, paragraphe 1, point f du RGPD. Les processus d&rsquo;analyse initi\u00e9s par les r\u00e9seaux sociaux reposent le cas \u00e9ch\u00e9ant sur des bases juridiques divergentes qui doivent \u00eatre indiqu\u00e9es par les exploitants des r\u00e9seaux sociaux (par ex. consentement au sens de l&rsquo;art. 6, al. 1, let. a du RGPD).<\/p>\n\n\n\n<h4 class=\"wp-block-heading\">Responsable et exercice des droits<\/h4>\n\n\n\n<p>Si vous visitez l&rsquo;un de nos sites de m\u00e9dias sociaux (par ex. Facebook), nous sommes responsables, conjointement avec l&rsquo;exploitant de la plateforme de m\u00e9dias sociaux, des op\u00e9rations de traitement des donn\u00e9es d\u00e9clench\u00e9es lors de cette visite. Vous pouvez en principe faire valoir vos droits (information, rectification, suppression, limitation du traitement, portabilit\u00e9 des donn\u00e9es et r\u00e9clamation) aussi bien \u00e0 notre \u00e9gard qu&rsquo;\u00e0 l&rsquo;\u00e9gard de l&rsquo;exploitant du portail de m\u00e9dias sociaux concern\u00e9 (par ex. \u00e0 l&rsquo;\u00e9gard de Facebook).<\/p>\n\n\n\n<p>Veuillez noter que, malgr\u00e9 la responsabilit\u00e9 commune avec les exploitants des portails de m\u00e9dias sociaux, nous n&rsquo;avons pas une influence totale sur les processus de traitement des donn\u00e9es des portails de m\u00e9dias sociaux. Nos possibilit\u00e9s d\u00e9pendent en grande partie de la politique d&rsquo;entreprise du fournisseur concern\u00e9.<\/p>\n\n\n\n<h4 class=\"wp-block-heading\">Dur\u00e9e de stockage<\/h4>\n\n\n\n<p>Les donn\u00e9es que nous collectons directement via la pr\u00e9sence sur les m\u00e9dias sociaux sont supprim\u00e9es de nos syst\u00e8mes d\u00e8s que vous nous demandez de les supprimer, que vous r\u00e9voquez votre consentement au stockage ou que la finalit\u00e9 du stockage des donn\u00e9es devient caduque. Les cookies enregistr\u00e9s restent sur votre terminal jusqu&rsquo;\u00e0 ce que vous les supprimiez. Les dispositions l\u00e9gales contraignantes &#8211; en particulier les d\u00e9lais de conservation &#8211; ne sont pas affect\u00e9es.<\/p>\n\n\n\n<p>Nous n&rsquo;avons aucune influence sur la dur\u00e9e de conservation de vos donn\u00e9es, qui sont enregistr\u00e9es par les exploitants des r\u00e9seaux sociaux \u00e0 leurs propres fins. Pour plus de d\u00e9tails, veuillez vous informer directement aupr\u00e8s des exploitants des r\u00e9seaux sociaux (par exemple dans leur d\u00e9claration de protection des donn\u00e9es, voir ci-dessous).<\/p>\n\n\n\n<h4 class=\"wp-block-heading\">R\u00e9seaux sociaux en d\u00e9tail<\/h4>\n\n\n\n<h5 class=\"wp-block-heading\">Facebook<\/h5>\n\n\n\n<p>Nous disposons d&rsquo;un profil sur Facebook. Le fournisseur de ce service est Facebook Ireland Limited, 4 Grand Canal Square, Grand Canal Harbour, Dublin 2, Irlande. Selon Facebook, les donn\u00e9es collect\u00e9es sont \u00e9galement transf\u00e9r\u00e9es aux \u00c9tats-Unis et dans d&rsquo;autres pays tiers.<\/p>\n\n\n\n<p>Nous avons conclu un accord de traitement conjoint (Controller Addendum) avec Facebook. Cet accord d\u00e9finit les op\u00e9rations de traitement des donn\u00e9es dont nous ou Facebook sommes responsables lorsque vous visitez notre page Facebook. Vous pouvez consulter cet accord en cliquant sur le lien suivant : <a href=\"https:\/\/www.facebook.com\/legal\/terms\/page_controller_addendum\" target=\"_blank\" rel=\"noreferrer noopener\">https:\/\/www.facebook.com\/legal\/terms\/page_controller_addendum<\/a>.<\/p>\n\n\n\n<p><strong>Vous pouvez adapter vous-m\u00eame vos param\u00e8tres publicitaires dans votre compte d&rsquo;utilisateur. Pour ce faire, cliquez sur le lien suivant et connectez-vous :<\/strong>&nbsp;<a href=\"https:\/\/www.facebook.com\/settings?tab=ads\" target=\"_blank\" rel=\"noreferrer noopener\">https:\/\/www.facebook.com\/settings?tab=ads<\/a>.<\/p>\n\n\n\n<p>Le transfert de donn\u00e9es vers les \u00c9tats-Unis est bas\u00e9 sur les clauses contractuelles standard de la Commission europ\u00e9enne. Vous trouverez les d\u00e9tails ici :&nbsp;<a href=\"https:\/\/www.facebook.com\/legal\/EU_data_transfer_addendum\" target=\"_blank\" rel=\"noreferrer noopener\">https:\/\/www.facebook.com\/legal\/EU_data_transfer_addendum<\/a> et <a href=\"https:\/\/de-de.facebook.com\/help\/566994660333381\" target=\"_blank\" rel=\"noreferrer noopener\">https:\/\/de-de.facebook.com\/help\/566994660333381<\/a>.<\/p>\n\n\n\n<p>Pour plus de d\u00e9tails, veuillez consulter la d\u00e9claration de confidentialit\u00e9 de Facebook :&nbsp;<a href=\"https:\/\/www.facebook.com\/about\/privacy\/\" target=\"_blank\" rel=\"noreferrer noopener\">https:\/\/www.facebook.com\/about\/privacy\/<\/a>.<\/p>\n\n\n\n<h5 class=\"wp-block-heading\">Instagram<\/h5>\n\n\n\n<p>Nous disposons d&rsquo;un profil sur Instagram. Le fournisseur de ce service est Facebook Ireland Limited, 4 Grand Canal Square, Grand Canal Harbour, Dublin 2, Irlande.<\/p>\n\n\n\n<p>Le transfert de donn\u00e9es vers les \u00c9tats-Unis est bas\u00e9 sur les clauses contractuelles standard de la Commission europ\u00e9enne. Vous trouverez les d\u00e9tails ici : <a href=\"https:\/\/www.facebook.com\/legal\/EU_data_transfer_addendum\" target=\"_blank\" rel=\"noreferrer noopener\">https:\/\/www.facebook.com\/legal\/EU_data_transfer_addendum<\/a>, <a href=\"https:\/\/help.instagram.com\/519522125107875\" target=\"_blank\" rel=\"noreferrer noopener\">https:\/\/help.instagram.com\/519522125107875<\/a> et <a href=\"https:\/\/de-de.facebook.com\/help\/566994660333381\" target=\"_blank\" rel=\"noreferrer noopener\">https:\/\/de-de.facebook.com\/help\/566994660333381<\/a>.<\/p>\n\n\n\n<p>Pour plus de d\u00e9tails sur la mani\u00e8re dont ils traitent vos donn\u00e9es personnelles, veuillez consulter la d\u00e9claration de confidentialit\u00e9 d&rsquo;Instagram : <a href=\"https:\/\/help.instagram.com\/519522125107875\" target=\"_blank\" rel=\"noreferrer noopener\">https:\/\/help.instagram.com\/519522125107875<\/a>.<\/p>\n","protected":false},"excerpt":{"rendered":"<p>Notre pr\u00e9sence sur les m\u00e9dias sociaux Traitement des donn\u00e9es par les r\u00e9seaux sociaux Nous g\u00e9rons des profils accessibles au public sur les r\u00e9seaux sociaux. Vous trouverez ci-dessous les r\u00e9seaux sociaux&hellip;<\/p>\n","protected":false},"author":10,"featured_media":0,"parent":0,"menu_order":0,"comment_status":"closed","ping_status":"closed","template":"","meta":{"footnotes":""},"class_list":["post-5349","page","type-page","status-publish","hentry","description-off"],"yoast_head":"<!-- This site is optimized with the Yoast SEO plugin v27.4 - https:\/\/yoast.com\/product\/yoast-seo-wordpress\/ -->\n<title>Protection des Donn\u00e9es M\u00e9dias Sociaux | Max-Lahr et Fils<\/title>\n<meta name=\"robots\" content=\"index, follow, max-snippet:-1, max-image-preview:large, max-video-preview:-1\" \/>\n<link rel=\"canonical\" href=\"https:\/\/www.max-lahr.lu\/fr\/protection-des-donnees-medias-sociaux\/\" \/>\n<meta property=\"og:locale\" content=\"fr_FR\" \/>\n<meta property=\"og:type\" content=\"article\" \/>\n<meta property=\"og:title\" content=\"Protection des Donn\u00e9es M\u00e9dias Sociaux | Max-Lahr et Fils\" \/>\n<meta property=\"og:description\" content=\"Notre pr\u00e9sence sur les m\u00e9dias sociaux Traitement des donn\u00e9es par les r\u00e9seaux sociaux Nous g\u00e9rons des profils accessibles au public sur les r\u00e9seaux sociaux. Vous trouverez ci-dessous les r\u00e9seaux sociaux&hellip;\" \/>\n<meta property=\"og:url\" content=\"https:\/\/www.max-lahr.lu\/fr\/protection-des-donnees-medias-sociaux\/\" \/>\n<meta property=\"og:site_name\" content=\"Max-Lahr et Fils\" \/>\n<meta property=\"article:modified_time\" content=\"2024-12-10T22:24:50+00:00\" \/>\n<script type=\"application\/ld+json\" class=\"yoast-schema-graph\">{\"@context\":\"https:\\\/\\\/schema.org\",\"@graph\":[{\"@type\":\"WebPage\",\"@id\":\"https:\\\/\\\/www.max-lahr.lu\\\/fr\\\/protection-des-donnees-medias-sociaux\\\/\",\"url\":\"https:\\\/\\\/www.max-lahr.lu\\\/fr\\\/protection-des-donnees-medias-sociaux\\\/\",\"name\":\"Protection des Donn\u00e9es M\u00e9dias Sociaux | Max-Lahr et Fils\",\"isPartOf\":{\"@id\":\"https:\\\/\\\/www.max-lahr.lu\\\/#website\"},\"datePublished\":\"2022-06-09T16:19:04+00:00\",\"dateModified\":\"2024-12-10T22:24:50+00:00\",\"breadcrumb\":{\"@id\":\"https:\\\/\\\/www.max-lahr.lu\\\/fr\\\/protection-des-donnees-medias-sociaux\\\/#breadcrumb\"},\"inLanguage\":\"fr-FR\",\"potentialAction\":[{\"@type\":\"ReadAction\",\"target\":[\"https:\\\/\\\/www.max-lahr.lu\\\/fr\\\/protection-des-donnees-medias-sociaux\\\/\"]}]},{\"@type\":\"BreadcrumbList\",\"@id\":\"https:\\\/\\\/www.max-lahr.lu\\\/fr\\\/protection-des-donnees-medias-sociaux\\\/#breadcrumb\",\"itemListElement\":[{\"@type\":\"ListItem\",\"position\":1,\"name\":\"Home\",\"item\":\"https:\\\/\\\/www.max-lahr.lu\\\/\"},{\"@type\":\"ListItem\",\"position\":2,\"name\":\"Protection des Donn\u00e9es M\u00e9dias Sociaux\"}]},{\"@type\":\"WebSite\",\"@id\":\"https:\\\/\\\/www.max-lahr.lu\\\/#website\",\"url\":\"https:\\\/\\\/www.max-lahr.lu\\\/\",\"name\":\"Max-Lahr et Fils\",\"description\":\"Weingut und Brennerei\",\"publisher\":{\"@id\":\"https:\\\/\\\/www.max-lahr.lu\\\/#organization\"},\"potentialAction\":[{\"@type\":\"SearchAction\",\"target\":{\"@type\":\"EntryPoint\",\"urlTemplate\":\"https:\\\/\\\/www.max-lahr.lu\\\/?s={search_term_string}\"},\"query-input\":{\"@type\":\"PropertyValueSpecification\",\"valueRequired\":true,\"valueName\":\"search_term_string\"}}],\"inLanguage\":\"fr-FR\"},{\"@type\":\"Organization\",\"@id\":\"https:\\\/\\\/www.max-lahr.lu\\\/#organization\",\"name\":\"Domaine Viticole Max-Lahr et fils\",\"url\":\"https:\\\/\\\/www.max-lahr.lu\\\/\",\"logo\":{\"@type\":\"ImageObject\",\"inLanguage\":\"fr-FR\",\"@id\":\"https:\\\/\\\/www.max-lahr.lu\\\/#\\\/schema\\\/logo\\\/image\\\/\",\"url\":\"\",\"contentUrl\":\"\",\"caption\":\"Domaine Viticole Max-Lahr et fils\"},\"image\":{\"@id\":\"https:\\\/\\\/www.max-lahr.lu\\\/#\\\/schema\\\/logo\\\/image\\\/\"}}]}<\/script>\n<!-- \/ Yoast SEO plugin. -->","yoast_head_json":{"title":"Protection des Donn\u00e9es M\u00e9dias Sociaux | Max-Lahr et Fils","robots":{"index":"index","follow":"follow","max-snippet":"max-snippet:-1","max-image-preview":"max-image-preview:large","max-video-preview":"max-video-preview:-1"},"canonical":"https:\/\/www.max-lahr.lu\/fr\/protection-des-donnees-medias-sociaux\/","og_locale":"fr_FR","og_type":"article","og_title":"Protection des Donn\u00e9es M\u00e9dias Sociaux | Max-Lahr et Fils","og_description":"Notre pr\u00e9sence sur les m\u00e9dias sociaux Traitement des donn\u00e9es par les r\u00e9seaux sociaux Nous g\u00e9rons des profils accessibles au public sur les r\u00e9seaux sociaux. Vous trouverez ci-dessous les r\u00e9seaux sociaux&hellip;","og_url":"https:\/\/www.max-lahr.lu\/fr\/protection-des-donnees-medias-sociaux\/","og_site_name":"Max-Lahr et Fils","article_modified_time":"2024-12-10T22:24:50+00:00","schema":{"@context":"https:\/\/schema.org","@graph":[{"@type":"WebPage","@id":"https:\/\/www.max-lahr.lu\/fr\/protection-des-donnees-medias-sociaux\/","url":"https:\/\/www.max-lahr.lu\/fr\/protection-des-donnees-medias-sociaux\/","name":"Protection des Donn\u00e9es M\u00e9dias Sociaux | Max-Lahr et Fils","isPartOf":{"@id":"https:\/\/www.max-lahr.lu\/#website"},"datePublished":"2022-06-09T16:19:04+00:00","dateModified":"2024-12-10T22:24:50+00:00","breadcrumb":{"@id":"https:\/\/www.max-lahr.lu\/fr\/protection-des-donnees-medias-sociaux\/#breadcrumb"},"inLanguage":"fr-FR","potentialAction":[{"@type":"ReadAction","target":["https:\/\/www.max-lahr.lu\/fr\/protection-des-donnees-medias-sociaux\/"]}]},{"@type":"BreadcrumbList","@id":"https:\/\/www.max-lahr.lu\/fr\/protection-des-donnees-medias-sociaux\/#breadcrumb","itemListElement":[{"@type":"ListItem","position":1,"name":"Home","item":"https:\/\/www.max-lahr.lu\/"},{"@type":"ListItem","position":2,"name":"Protection des Donn\u00e9es M\u00e9dias Sociaux"}]},{"@type":"WebSite","@id":"https:\/\/www.max-lahr.lu\/#website","url":"https:\/\/www.max-lahr.lu\/","name":"Max-Lahr et Fils","description":"Weingut und Brennerei","publisher":{"@id":"https:\/\/www.max-lahr.lu\/#organization"},"potentialAction":[{"@type":"SearchAction","target":{"@type":"EntryPoint","urlTemplate":"https:\/\/www.max-lahr.lu\/?s={search_term_string}"},"query-input":{"@type":"PropertyValueSpecification","valueRequired":true,"valueName":"search_term_string"}}],"inLanguage":"fr-FR"},{"@type":"Organization","@id":"https:\/\/www.max-lahr.lu\/#organization","name":"Domaine Viticole Max-Lahr et fils","url":"https:\/\/www.max-lahr.lu\/","logo":{"@type":"ImageObject","inLanguage":"fr-FR","@id":"https:\/\/www.max-lahr.lu\/#\/schema\/logo\/image\/","url":"","contentUrl":"","caption":"Domaine Viticole Max-Lahr et fils"},"image":{"@id":"https:\/\/www.max-lahr.lu\/#\/schema\/logo\/image\/"}}]}},"_links":{"self":[{"href":"https:\/\/www.max-lahr.lu\/fr\/wp-json\/wp\/v2\/pages\/5349","targetHints":{"allow":["GET"]}}],"collection":[{"href":"https:\/\/www.max-lahr.lu\/fr\/wp-json\/wp\/v2\/pages"}],"about":[{"href":"https:\/\/www.max-lahr.lu\/fr\/wp-json\/wp\/v2\/types\/page"}],"author":[{"embeddable":true,"href":"https:\/\/www.max-lahr.lu\/fr\/wp-json\/wp\/v2\/users\/10"}],"replies":[{"embeddable":true,"href":"https:\/\/www.max-lahr.lu\/fr\/wp-json\/wp\/v2\/comments?post=5349"}],"version-history":[{"count":0,"href":"https:\/\/www.max-lahr.lu\/fr\/wp-json\/wp\/v2\/pages\/5349\/revisions"}],"wp:attachment":[{"href":"https:\/\/www.max-lahr.lu\/fr\/wp-json\/wp\/v2\/media?parent=5349"}],"curies":[{"name":"wp","href":"https:\/\/api.w.org\/{rel}","templated":true}]}}