{"id":2200,"date":"2022-04-10T00:45:11","date_gmt":"2022-04-10T00:45:11","guid":{"rendered":"https:\/\/www.max-lahr.lu\/home-2\/?lang=fr"},"modified":"2024-12-28T15:57:57","modified_gmt":"2024-12-28T13:57:57","slug":"accueil","status":"publish","type":"page","link":"https:\/\/www.max-lahr.lu\/fr\/","title":{"rendered":"Accueil"},"content":{"rendered":"<div class=\"wpb-content-wrapper\"><p>[vc_row type=\u00a0\u00bbvc_default\u00a0\u00bb gap=\u00a0\u00bb20&Prime; content_placement=\u00a0\u00bbmiddle\u00a0\u00bb css=\u00a0\u00bb.vc_custom_1629470770112{margin-bottom: 200px !important;}\u00a0\u00bb][vc_column width=\u00a0\u00bb1\/6&Prime; css=\u00a0\u00bb.vc_custom_1604418423450{margin-top: 45px !important;}\u00a0\u00bb][\/vc_column][vc_column width=\u00a0\u00bb2\/3&Prime; css=\u00a0\u00bb.vc_custom_1628612626821{margin-top: 30px !important;}\u00a0\u00bb][vc_column_text css=\u00a0\u00bb\u00a0\u00bb]<\/p>\n<h1 style=\"text-align: center;\"><strong>Bienvenue au Domaine Viticole \u00ab Max-Lahr et Fils \u00bb\u00a0<\/strong><\/h1>\n<p>[\/vc_column_text][vc_column_text css=\u00a0\u00bb\u00a0\u00bb]<\/p>\n<p style=\"text-align: center;\">Ahn, le plus petit et en m\u00eame temps le plus charmant village de la Moselle luxembourgeoise, fascine les visiteurs par son atmosph\u00e8re nostalgique et la beaut\u00e9 de son architecture. Des maisons de vignerons \u00e9l\u00e9gantes bordent les ruelles \u00e9troites et racontent une longue tradition viticole profond\u00e9ment enracin\u00e9e dans la r\u00e9gion. Le domaine viticole Max-Lahr et Fils se trouve juste \u00e0 l&rsquo;entr\u00e9e du village &#8211; un b\u00e2timent accueillant de couleur saumon avec des volets blancs et une cl\u00f4ture en fer forg\u00e9, qui incarne \u00e0 la fois l&rsquo;histoire et la s\u00e9r\u00e9nit\u00e9. L&rsquo;\u00e9l\u00e9gance tranquille de ce lieu refl\u00e8te la philosophie du domaine, qui prend le temps de cr\u00e9er des vins pleins de caract\u00e8re et d&rsquo;authenticit\u00e9.<\/p>\n<p>[\/vc_column_text][\/vc_column][vc_column width=\u00a0\u00bb1\/6&Prime;][\/vc_column][\/vc_row]<\/p>\n<\/div>","protected":false},"excerpt":{"rendered":"<p>[vc_row type=\u00a0\u00bbvc_default\u00a0\u00bb gap=\u00a0\u00bb20&Prime; content_placement=\u00a0\u00bbmiddle\u00a0\u00bb css=\u00a0\u00bb.vc_custom_1629470770112{margin-bottom: 200px !important;}\u00a0\u00bb][vc_column width=\u00a0\u00bb1\/6&Prime; css=\u00a0\u00bb.vc_custom_1604418423450{margin-top: 45px !important;}\u00a0\u00bb][\/vc_column][vc_column width=\u00a0\u00bb2\/3&Prime; css=\u00a0\u00bb.vc_custom_1628612626821{margin-top: 30px !important;}\u00a0\u00bb][vc_column_text css=\u00a0\u00bb\u00a0\u00bb] Bienvenue au Domaine Viticole \u00ab Max-Lahr et Fils \u00bb\u00a0 [\/vc_column_text][vc_column_text css=\u00a0\u00bb\u00a0\u00bb] Ahn, le plus&hellip;<\/p>\n","protected":false},"author":1,"featured_media":0,"parent":0,"menu_order":0,"comment_status":"closed","ping_status":"closed","template":"","meta":{"footnotes":""},"class_list":["post-2200","page","type-page","status-publish","hentry","description-off"],"yoast_head":"<!-- This site is optimized with the Yoast SEO plugin v27.4 - https:\/\/yoast.com\/product\/yoast-seo-wordpress\/ -->\n<title>Vin luxembourgeois I Domaine Viticole Max-Lahr et Fils<\/title>\n<meta name=\"description\" content=\"Le domaine est situ\u00e9 \u00e0 Ahn, village pittoresque qui s\u2019\u00e9l\u00e8ve sur la berge luxembourgeoise de la Moselle.\" \/>\n<meta name=\"robots\" content=\"index, follow, max-snippet:-1, max-image-preview:large, max-video-preview:-1\" \/>\n<link rel=\"canonical\" href=\"https:\/\/www.max-lahr.lu\/\" \/>\n<meta property=\"og:locale\" content=\"fr_FR\" \/>\n<meta property=\"og:type\" content=\"article\" \/>\n<meta property=\"og:title\" content=\"Vin luxembourgeois I Domaine Viticole Max-Lahr et Fils\" \/>\n<meta property=\"og:description\" content=\"Le domaine est situ\u00e9 \u00e0 Ahn, village pittoresque qui s\u2019\u00e9l\u00e8ve sur la berge luxembourgeoise de la Moselle.\" \/>\n<meta property=\"og:url\" content=\"https:\/\/www.max-lahr.lu\/\" \/>\n<meta property=\"og:site_name\" content=\"Max-Lahr et Fils\" \/>\n<meta property=\"article:modified_time\" content=\"2024-12-28T13:57:57+00:00\" \/>\n<script type=\"application\/ld+json\" class=\"yoast-schema-graph\">{\"@context\":\"https:\\\/\\\/schema.org\",\"@graph\":[{\"@type\":\"WebPage\",\"@id\":\"https:\\\/\\\/www.max-lahr.lu\\\/\",\"url\":\"https:\\\/\\\/www.max-lahr.lu\\\/\",\"name\":\"Vin luxembourgeois I Domaine Viticole Max-Lahr et Fils\",\"isPartOf\":{\"@id\":\"https:\\\/\\\/www.max-lahr.lu\\\/#website\"},\"datePublished\":\"2022-04-10T00:45:11+00:00\",\"dateModified\":\"2024-12-28T13:57:57+00:00\",\"description\":\"Le domaine est situ\u00e9 \u00e0 Ahn, village pittoresque qui s\u2019\u00e9l\u00e8ve sur la berge luxembourgeoise de la Moselle.\",\"breadcrumb\":{\"@id\":\"https:\\\/\\\/www.max-lahr.lu\\\/#breadcrumb\"},\"inLanguage\":\"fr-FR\",\"potentialAction\":[{\"@type\":\"ReadAction\",\"target\":[\"https:\\\/\\\/www.max-lahr.lu\\\/\"]}]},{\"@type\":\"BreadcrumbList\",\"@id\":\"https:\\\/\\\/www.max-lahr.lu\\\/#breadcrumb\",\"itemListElement\":[{\"@type\":\"ListItem\",\"position\":1,\"name\":\"Home\",\"item\":\"https:\\\/\\\/www.max-lahr.lu\\\/\"},{\"@type\":\"ListItem\",\"position\":2,\"name\":\"Accueil\"}]},{\"@type\":\"WebSite\",\"@id\":\"https:\\\/\\\/www.max-lahr.lu\\\/#website\",\"url\":\"https:\\\/\\\/www.max-lahr.lu\\\/\",\"name\":\"Max-Lahr et Fils\",\"description\":\"Weingut und Brennerei\",\"publisher\":{\"@id\":\"https:\\\/\\\/www.max-lahr.lu\\\/#organization\"},\"potentialAction\":[{\"@type\":\"SearchAction\",\"target\":{\"@type\":\"EntryPoint\",\"urlTemplate\":\"https:\\\/\\\/www.max-lahr.lu\\\/?s={search_term_string}\"},\"query-input\":{\"@type\":\"PropertyValueSpecification\",\"valueRequired\":true,\"valueName\":\"search_term_string\"}}],\"inLanguage\":\"fr-FR\"},{\"@type\":\"Organization\",\"@id\":\"https:\\\/\\\/www.max-lahr.lu\\\/#organization\",\"name\":\"Domaine Viticole Max-Lahr et fils\",\"url\":\"https:\\\/\\\/www.max-lahr.lu\\\/\",\"logo\":{\"@type\":\"ImageObject\",\"inLanguage\":\"fr-FR\",\"@id\":\"https:\\\/\\\/www.max-lahr.lu\\\/#\\\/schema\\\/logo\\\/image\\\/\",\"url\":\"\",\"contentUrl\":\"\",\"caption\":\"Domaine Viticole Max-Lahr et fils\"},\"image\":{\"@id\":\"https:\\\/\\\/www.max-lahr.lu\\\/#\\\/schema\\\/logo\\\/image\\\/\"}}]}<\/script>\n<!-- \/ Yoast SEO plugin. -->","yoast_head_json":{"title":"Vin luxembourgeois I Domaine Viticole Max-Lahr et Fils","description":"Le domaine est situ\u00e9 \u00e0 Ahn, village pittoresque qui s\u2019\u00e9l\u00e8ve sur la berge luxembourgeoise de la Moselle.","robots":{"index":"index","follow":"follow","max-snippet":"max-snippet:-1","max-image-preview":"max-image-preview:large","max-video-preview":"max-video-preview:-1"},"canonical":"https:\/\/www.max-lahr.lu\/","og_locale":"fr_FR","og_type":"article","og_title":"Vin luxembourgeois I Domaine Viticole Max-Lahr et Fils","og_description":"Le domaine est situ\u00e9 \u00e0 Ahn, village pittoresque qui s\u2019\u00e9l\u00e8ve sur la berge luxembourgeoise de la Moselle.","og_url":"https:\/\/www.max-lahr.lu\/","og_site_name":"Max-Lahr et Fils","article_modified_time":"2024-12-28T13:57:57+00:00","schema":{"@context":"https:\/\/schema.org","@graph":[{"@type":"WebPage","@id":"https:\/\/www.max-lahr.lu\/","url":"https:\/\/www.max-lahr.lu\/","name":"Vin luxembourgeois I Domaine Viticole Max-Lahr et Fils","isPartOf":{"@id":"https:\/\/www.max-lahr.lu\/#website"},"datePublished":"2022-04-10T00:45:11+00:00","dateModified":"2024-12-28T13:57:57+00:00","description":"Le domaine est situ\u00e9 \u00e0 Ahn, village pittoresque qui s\u2019\u00e9l\u00e8ve sur la berge luxembourgeoise de la Moselle.","breadcrumb":{"@id":"https:\/\/www.max-lahr.lu\/#breadcrumb"},"inLanguage":"fr-FR","potentialAction":[{"@type":"ReadAction","target":["https:\/\/www.max-lahr.lu\/"]}]},{"@type":"BreadcrumbList","@id":"https:\/\/www.max-lahr.lu\/#breadcrumb","itemListElement":[{"@type":"ListItem","position":1,"name":"Home","item":"https:\/\/www.max-lahr.lu\/"},{"@type":"ListItem","position":2,"name":"Accueil"}]},{"@type":"WebSite","@id":"https:\/\/www.max-lahr.lu\/#website","url":"https:\/\/www.max-lahr.lu\/","name":"Max-Lahr et Fils","description":"Weingut und Brennerei","publisher":{"@id":"https:\/\/www.max-lahr.lu\/#organization"},"potentialAction":[{"@type":"SearchAction","target":{"@type":"EntryPoint","urlTemplate":"https:\/\/www.max-lahr.lu\/?s={search_term_string}"},"query-input":{"@type":"PropertyValueSpecification","valueRequired":true,"valueName":"search_term_string"}}],"inLanguage":"fr-FR"},{"@type":"Organization","@id":"https:\/\/www.max-lahr.lu\/#organization","name":"Domaine Viticole Max-Lahr et fils","url":"https:\/\/www.max-lahr.lu\/","logo":{"@type":"ImageObject","inLanguage":"fr-FR","@id":"https:\/\/www.max-lahr.lu\/#\/schema\/logo\/image\/","url":"","contentUrl":"","caption":"Domaine Viticole Max-Lahr et fils"},"image":{"@id":"https:\/\/www.max-lahr.lu\/#\/schema\/logo\/image\/"}}]}},"_links":{"self":[{"href":"https:\/\/www.max-lahr.lu\/fr\/wp-json\/wp\/v2\/pages\/2200","targetHints":{"allow":["GET"]}}],"collection":[{"href":"https:\/\/www.max-lahr.lu\/fr\/wp-json\/wp\/v2\/pages"}],"about":[{"href":"https:\/\/www.max-lahr.lu\/fr\/wp-json\/wp\/v2\/types\/page"}],"author":[{"embeddable":true,"href":"https:\/\/www.max-lahr.lu\/fr\/wp-json\/wp\/v2\/users\/1"}],"replies":[{"embeddable":true,"href":"https:\/\/www.max-lahr.lu\/fr\/wp-json\/wp\/v2\/comments?post=2200"}],"version-history":[{"count":0,"href":"https:\/\/www.max-lahr.lu\/fr\/wp-json\/wp\/v2\/pages\/2200\/revisions"}],"wp:attachment":[{"href":"https:\/\/www.max-lahr.lu\/fr\/wp-json\/wp\/v2\/media?parent=2200"}],"curies":[{"name":"wp","href":"https:\/\/api.w.org\/{rel}","templated":true}]}}