{"id":2184,"date":"2022-02-10T19:05:55","date_gmt":"2022-02-10T19:05:55","guid":{"rendered":"https:\/\/www.max-lahr.lu\/kontakt\/?lang=fr"},"modified":"2024-12-10T18:58:50","modified_gmt":"2024-12-10T16:58:50","slug":"contact","status":"publish","type":"page","link":"https:\/\/www.max-lahr.lu\/fr\/contact\/","title":{"rendered":"Contact"},"content":{"rendered":"<div class=\"wpb-content-wrapper\"><p>[vc_row][vc_column width=\u00a0\u00bb1\/3&Prime;][vc_column_text]<\/p>\n<h2>Domaine Viticole Max-Lahr et Fils<\/h2>\n<p>Bob Max<br \/>\n6, rue des vignes<br \/>\n4, rue de Niederdonven<br \/>\nL-5401 Ahn[\/vc_column_text][\/vc_column][vc_column width=\u00a0\u00bb1\/3&Prime;][vc_column_text css=\u00a0\u00bb\u00a0\u00bb]<\/p>\n<h2>Commandes<\/h2>\n<p>La Boutique en ligne <a href=\"https:\/\/www.max-lahr.lu\/fr\/la-boutique-en-ligne\/\">\u00a0ici<\/a><\/p>\n<h2><a href=\"https:\/\/www.max-lahr.lu\/wp-content\/uploads\/2024\/10\/Liste-des-prix_Max-Lahr_2024_25.pdf\" target=\"_blank\" rel=\"noopener noreferrer\"><u>Liste de prix \u00e0 t\u00e9l\u00e9charger <\/u><\/a>\u00a0(PDF)<\/h2>\n<p>Les prix sont valables uniquement pour l&rsquo;enl\u00e8vement.[\/vc_column_text][\/vc_column][vc_column width=\u00a0\u00bb1\/3&Prime;][vc_column_text]<\/p>\n<h2>D\u00e9gustation sur place<\/h2>\n<p>Nous vous invitons \u00e0 venir d\u00e9guster nos vins dans notre salon de d\u00e9gustation. Vous pouvez passer \u00e0 tout moment, nous vous prions de vous annoncer \u00e0 l\u2019avance pour les groupes. Veuillez nous remercier pour votre compr\u00e9hension ! <a href=\"https:\/\/www.max-lahr.lu\/fr\/le-bar-a-vin\/\">-&gt; ici<\/a><\/p>\n<p>Lorsque le temps le permet, principalement au printemps et en \u00e9t\u00e9, notre \u00ab\u00a0Schmaachg\u00e4rtchen\u00a0\u00bb est certainement ouvert. <a href=\"https:\/\/www.max-lahr.lu\/fr\/schmaachgartchen\/\">-&gt; ici<\/a><\/p>\n<form id=\"f1\" action=\"https:\/\/www.max-lahr.lu\/kontakt.html\" enctype=\"application\/x-www-form-urlencoded\" method=\"post\"><\/form>\n<p>[\/vc_column_text][\/vc_column][\/vc_row][vc_row][vc_column width=\u00a0\u00bb1\/3&Prime;][vc_column_text]<\/p>\n<h2><\/h2>\n<p><strong>E-mail:<\/strong>\u00a0<a href=\"mailto:%20info@max-lahr.lu\">info@max-lahr.lu<br \/>\n<\/a><strong>Tel.:<\/strong>\u00a0\u00a0(+352) 76 84 11<br \/>\n<strong>Portable:<\/strong> (+352) 621 250 820<\/p>\n<p>&nbsp;<\/p>\n<div><\/div>\n<p>[\/vc_column_text][\/vc_column][vc_column width=\u00a0\u00bb1\/3&Prime;][vc_media_grid grid_id=\u00a0\u00bbvc_gid:1733849762331-5837f2c86b6391a26afed6f38ed5bd03-0&Prime; include=\u00a0\u00bb5527,5487,5912&Prime;][\/vc_column][vc_column width=\u00a0\u00bb1\/3&Prime;][vc_column_text]<\/p>\n<h2>Pour venir chez nous<\/h2>\n<p><a href=\"https:\/\/goo.gl\/maps\/cnUD7y5G5uT7TgZ87\" target=\"_blank\" rel=\"noopener noreferrer\">Access:\u00a0google maps\u00a0\u2192<\/a>[\/vc_column_text][\/vc_column][\/vc_row]<\/p>\n<\/div>","protected":false},"excerpt":{"rendered":"<p>[vc_row][vc_column width=\u00a0\u00bb1\/3&Prime;][vc_column_text] Domaine Viticole Max-Lahr et Fils Bob Max 6, rue des vignes 4, rue de Niederdonven L-5401 Ahn[\/vc_column_text][\/vc_column][vc_column width=\u00a0\u00bb1\/3&Prime;][vc_column_text css=\u00a0\u00bb\u00a0\u00bb] Commandes La Boutique en ligne \u00a0ici Liste de prix&hellip;<\/p>\n","protected":false},"author":1,"featured_media":0,"parent":0,"menu_order":0,"comment_status":"closed","ping_status":"closed","template":"","meta":{"footnotes":""},"class_list":["post-2184","page","type-page","status-publish","hentry","description-off"],"yoast_head":"<!-- This site is optimized with the Yoast SEO plugin v27.4 - https:\/\/yoast.com\/product\/yoast-seo-wordpress\/ -->\n<title>Contact | Max-Lahr et Fils<\/title>\n<meta name=\"description\" content=\"Domaine Viticole Max-Lahr et Fils | E-mail:\u00a0info@max-lahr.lu | Tel.:\u00a0\u00a0(+352) 76 84 11\" \/>\n<meta name=\"robots\" content=\"index, follow, max-snippet:-1, max-image-preview:large, max-video-preview:-1\" \/>\n<link rel=\"canonical\" href=\"https:\/\/www.max-lahr.lu\/fr\/contact\/\" \/>\n<meta property=\"og:locale\" content=\"fr_FR\" \/>\n<meta property=\"og:type\" content=\"article\" \/>\n<meta property=\"og:title\" content=\"Contact | Max-Lahr et Fils\" \/>\n<meta property=\"og:description\" content=\"Domaine Viticole Max-Lahr et Fils | E-mail:\u00a0info@max-lahr.lu | Tel.:\u00a0\u00a0(+352) 76 84 11\" \/>\n<meta property=\"og:url\" content=\"https:\/\/www.max-lahr.lu\/fr\/contact\/\" \/>\n<meta property=\"og:site_name\" content=\"Max-Lahr et Fils\" \/>\n<meta property=\"article:modified_time\" content=\"2024-12-10T16:58:50+00:00\" \/>\n<script type=\"application\/ld+json\" class=\"yoast-schema-graph\">{\"@context\":\"https:\\\/\\\/schema.org\",\"@graph\":[{\"@type\":\"WebPage\",\"@id\":\"https:\\\/\\\/www.max-lahr.lu\\\/fr\\\/contact\\\/\",\"url\":\"https:\\\/\\\/www.max-lahr.lu\\\/fr\\\/contact\\\/\",\"name\":\"Contact | Max-Lahr et Fils\",\"isPartOf\":{\"@id\":\"https:\\\/\\\/www.max-lahr.lu\\\/#website\"},\"datePublished\":\"2022-02-10T19:05:55+00:00\",\"dateModified\":\"2024-12-10T16:58:50+00:00\",\"description\":\"Domaine Viticole Max-Lahr et Fils | E-mail:\u00a0info@max-lahr.lu | Tel.:\u00a0\u00a0(+352) 76 84 11\",\"breadcrumb\":{\"@id\":\"https:\\\/\\\/www.max-lahr.lu\\\/fr\\\/contact\\\/#breadcrumb\"},\"inLanguage\":\"fr-FR\",\"potentialAction\":[{\"@type\":\"ReadAction\",\"target\":[\"https:\\\/\\\/www.max-lahr.lu\\\/fr\\\/contact\\\/\"]}]},{\"@type\":\"BreadcrumbList\",\"@id\":\"https:\\\/\\\/www.max-lahr.lu\\\/fr\\\/contact\\\/#breadcrumb\",\"itemListElement\":[{\"@type\":\"ListItem\",\"position\":1,\"name\":\"Home\",\"item\":\"https:\\\/\\\/www.max-lahr.lu\\\/\"},{\"@type\":\"ListItem\",\"position\":2,\"name\":\"Contact\"}]},{\"@type\":\"WebSite\",\"@id\":\"https:\\\/\\\/www.max-lahr.lu\\\/#website\",\"url\":\"https:\\\/\\\/www.max-lahr.lu\\\/\",\"name\":\"Max-Lahr et Fils\",\"description\":\"Weingut und Brennerei\",\"publisher\":{\"@id\":\"https:\\\/\\\/www.max-lahr.lu\\\/#organization\"},\"potentialAction\":[{\"@type\":\"SearchAction\",\"target\":{\"@type\":\"EntryPoint\",\"urlTemplate\":\"https:\\\/\\\/www.max-lahr.lu\\\/?s={search_term_string}\"},\"query-input\":{\"@type\":\"PropertyValueSpecification\",\"valueRequired\":true,\"valueName\":\"search_term_string\"}}],\"inLanguage\":\"fr-FR\"},{\"@type\":\"Organization\",\"@id\":\"https:\\\/\\\/www.max-lahr.lu\\\/#organization\",\"name\":\"Domaine Viticole Max-Lahr et fils\",\"url\":\"https:\\\/\\\/www.max-lahr.lu\\\/\",\"logo\":{\"@type\":\"ImageObject\",\"inLanguage\":\"fr-FR\",\"@id\":\"https:\\\/\\\/www.max-lahr.lu\\\/#\\\/schema\\\/logo\\\/image\\\/\",\"url\":\"\",\"contentUrl\":\"\",\"caption\":\"Domaine Viticole Max-Lahr et fils\"},\"image\":{\"@id\":\"https:\\\/\\\/www.max-lahr.lu\\\/#\\\/schema\\\/logo\\\/image\\\/\"}}]}<\/script>\n<!-- \/ Yoast SEO plugin. -->","yoast_head_json":{"title":"Contact | Max-Lahr et Fils","description":"Domaine Viticole Max-Lahr et Fils | E-mail:\u00a0info@max-lahr.lu | Tel.:\u00a0\u00a0(+352) 76 84 11","robots":{"index":"index","follow":"follow","max-snippet":"max-snippet:-1","max-image-preview":"max-image-preview:large","max-video-preview":"max-video-preview:-1"},"canonical":"https:\/\/www.max-lahr.lu\/fr\/contact\/","og_locale":"fr_FR","og_type":"article","og_title":"Contact | Max-Lahr et Fils","og_description":"Domaine Viticole Max-Lahr et Fils | E-mail:\u00a0info@max-lahr.lu | Tel.:\u00a0\u00a0(+352) 76 84 11","og_url":"https:\/\/www.max-lahr.lu\/fr\/contact\/","og_site_name":"Max-Lahr et Fils","article_modified_time":"2024-12-10T16:58:50+00:00","schema":{"@context":"https:\/\/schema.org","@graph":[{"@type":"WebPage","@id":"https:\/\/www.max-lahr.lu\/fr\/contact\/","url":"https:\/\/www.max-lahr.lu\/fr\/contact\/","name":"Contact | Max-Lahr et Fils","isPartOf":{"@id":"https:\/\/www.max-lahr.lu\/#website"},"datePublished":"2022-02-10T19:05:55+00:00","dateModified":"2024-12-10T16:58:50+00:00","description":"Domaine Viticole Max-Lahr et Fils | E-mail:\u00a0info@max-lahr.lu | Tel.:\u00a0\u00a0(+352) 76 84 11","breadcrumb":{"@id":"https:\/\/www.max-lahr.lu\/fr\/contact\/#breadcrumb"},"inLanguage":"fr-FR","potentialAction":[{"@type":"ReadAction","target":["https:\/\/www.max-lahr.lu\/fr\/contact\/"]}]},{"@type":"BreadcrumbList","@id":"https:\/\/www.max-lahr.lu\/fr\/contact\/#breadcrumb","itemListElement":[{"@type":"ListItem","position":1,"name":"Home","item":"https:\/\/www.max-lahr.lu\/"},{"@type":"ListItem","position":2,"name":"Contact"}]},{"@type":"WebSite","@id":"https:\/\/www.max-lahr.lu\/#website","url":"https:\/\/www.max-lahr.lu\/","name":"Max-Lahr et Fils","description":"Weingut und Brennerei","publisher":{"@id":"https:\/\/www.max-lahr.lu\/#organization"},"potentialAction":[{"@type":"SearchAction","target":{"@type":"EntryPoint","urlTemplate":"https:\/\/www.max-lahr.lu\/?s={search_term_string}"},"query-input":{"@type":"PropertyValueSpecification","valueRequired":true,"valueName":"search_term_string"}}],"inLanguage":"fr-FR"},{"@type":"Organization","@id":"https:\/\/www.max-lahr.lu\/#organization","name":"Domaine Viticole Max-Lahr et fils","url":"https:\/\/www.max-lahr.lu\/","logo":{"@type":"ImageObject","inLanguage":"fr-FR","@id":"https:\/\/www.max-lahr.lu\/#\/schema\/logo\/image\/","url":"","contentUrl":"","caption":"Domaine Viticole Max-Lahr et fils"},"image":{"@id":"https:\/\/www.max-lahr.lu\/#\/schema\/logo\/image\/"}}]}},"_links":{"self":[{"href":"https:\/\/www.max-lahr.lu\/fr\/wp-json\/wp\/v2\/pages\/2184","targetHints":{"allow":["GET"]}}],"collection":[{"href":"https:\/\/www.max-lahr.lu\/fr\/wp-json\/wp\/v2\/pages"}],"about":[{"href":"https:\/\/www.max-lahr.lu\/fr\/wp-json\/wp\/v2\/types\/page"}],"author":[{"embeddable":true,"href":"https:\/\/www.max-lahr.lu\/fr\/wp-json\/wp\/v2\/users\/1"}],"replies":[{"embeddable":true,"href":"https:\/\/www.max-lahr.lu\/fr\/wp-json\/wp\/v2\/comments?post=2184"}],"version-history":[{"count":0,"href":"https:\/\/www.max-lahr.lu\/fr\/wp-json\/wp\/v2\/pages\/2184\/revisions"}],"wp:attachment":[{"href":"https:\/\/www.max-lahr.lu\/fr\/wp-json\/wp\/v2\/media?parent=2184"}],"curies":[{"name":"wp","href":"https:\/\/api.w.org\/{rel}","templated":true}]}}